{"id":200,"date":"2016-04-24T23:24:30","date_gmt":"2016-04-24T21:24:30","guid":{"rendered":"http:\/\/citpc.fr\/adeli\/?page_id=200"},"modified":"2016-07-02T12:52:45","modified_gmt":"2016-07-02T10:52:45","slug":"les-differentes-lettres","status":"publish","type":"page","link":"http:\/\/citpc.fr\/adeli\/les-differentes-lettres\/","title":{"rendered":"Les diff\u00e9rentes lettres"},"content":{"rendered":"<p>[et_pb_section admin_label=\u00a0\u00bbSection\u00a0\u00bb global_module=\u00a0\u00bb768&Prime; fullwidth=\u00a0\u00bboff\u00a0\u00bb specialty=\u00a0\u00bboff\u00a0\u00bb transparent_background=\u00a0\u00bboff\u00a0\u00bb background_color=\u00a0\u00bb#777777&Prime; allow_player_pause=\u00a0\u00bboff\u00a0\u00bb inner_shadow=\u00a0\u00bboff\u00a0\u00bb parallax=\u00a0\u00bboff\u00a0\u00bb parallax_method=\u00a0\u00bboff\u00a0\u00bb padding_mobile=\u00a0\u00bboff\u00a0\u00bb make_fullwidth=\u00a0\u00bboff\u00a0\u00bb use_custom_width=\u00a0\u00bboff\u00a0\u00bb width_unit=\u00a0\u00bbon\u00a0\u00bb make_equal=\u00a0\u00bboff\u00a0\u00bb use_custom_gutter=\u00a0\u00bboff\u00a0\u00bb custom_padding=\u00a0\u00bb5px||0px|\u00a0\u00bb disabled=\u00a0\u00bboff\u00a0\u00bb disabled_on=\u00a0\u00bbon||\u00a0\u00bb][et_pb_row global_parent=\u00a0\u00bb768&Prime; admin_label=\u00a0\u00bbLigne\u00a0\u00bb make_fullwidth=\u00a0\u00bboff\u00a0\u00bb use_custom_width=\u00a0\u00bboff\u00a0\u00bb width_unit=\u00a0\u00bbon\u00a0\u00bb use_custom_gutter=\u00a0\u00bboff\u00a0\u00bb custom_padding=\u00a0\u00bb0px||0px|\u00a0\u00bb padding_mobile=\u00a0\u00bboff\u00a0\u00bb allow_player_pause=\u00a0\u00bboff\u00a0\u00bb parallax=\u00a0\u00bboff\u00a0\u00bb parallax_method=\u00a0\u00bboff\u00a0\u00bb make_equal=\u00a0\u00bboff\u00a0\u00bb parallax_1=\u00a0\u00bboff\u00a0\u00bb parallax_method_1=\u00a0\u00bboff\u00a0\u00bb parallax_2=\u00a0\u00bboff\u00a0\u00bb parallax_method_2=\u00a0\u00bboff\u00a0\u00bb parallax_3=\u00a0\u00bboff\u00a0\u00bb parallax_method_3=\u00a0\u00bboff\u00a0\u00bb parallax_4=\u00a0\u00bboff\u00a0\u00bb parallax_method_4=\u00a0\u00bboff\u00a0\u00bb column_padding_mobile=\u00a0\u00bbon\u00a0\u00bb][et_pb_column type=\u00a0\u00bb1_4&Prime;][et_pb_text global_parent=\u00a0\u00bb768&Prime; admin_label=\u00a0\u00bbInscription \u00e0 un test\u00a0\u00bb background_layout=\u00a0\u00bblight\u00a0\u00bb text_orientation=\u00a0\u00bbleft\u00a0\u00bb use_border_color=\u00a0\u00bboff\u00a0\u00bb border_color=\u00a0\u00bb#ffffff\u00a0\u00bb border_style=\u00a0\u00bbsolid\u00a0\u00bb]<\/p>\n<h2 style=\"text-align: center;\"><span style=\"font-size: 12pt;\"><a href=\"http:\/\/citpc.fr\/adeli\/\"><span style=\"color: #ffffff;\"><strong>Inscription \u00e0 un test<\/strong><\/span><\/a><\/span><\/h2>\n<p>[\/et_pb_text][\/et_pb_column][et_pb_column type=\u00a0\u00bb1_4&Prime;][et_pb_text global_parent=\u00a0\u00bb768&Prime; admin_label=\u00a0\u00bbD\u00e9roulement\u00a0\u00bb background_layout=\u00a0\u00bblight\u00a0\u00bb text_orientation=\u00a0\u00bbleft\u00a0\u00bb use_border_color=\u00a0\u00bboff\u00a0\u00bb border_color=\u00a0\u00bb#ffffff\u00a0\u00bb border_style=\u00a0\u00bbsolid\u00a0\u00bb]<\/p>\n<h2 style=\"text-align: center;\"><span style=\"font-size: 12pt;\"><a href=\"http:\/\/citpc.fr\/adeli\/deroulement-du-test\/\"><span style=\"color: #ffffff;\"><strong>D\u00e9roulement du test<\/strong><\/span><\/a><\/span><\/h2>\n<p>[\/et_pb_text][\/et_pb_column][et_pb_column type=\u00a0\u00bb1_4&Prime;][et_pb_text global_parent=\u00a0\u00bb768&Prime; admin_label=\u00a0\u00bbProc\u00e9dure\u00a0\u00bb background_layout=\u00a0\u00bblight\u00a0\u00bb text_orientation=\u00a0\u00bbleft\u00a0\u00bb use_border_color=\u00a0\u00bboff\u00a0\u00bb border_color=\u00a0\u00bb#ffffff\u00a0\u00bb border_style=\u00a0\u00bbsolid\u00a0\u00bb]<\/p>\n<h2 style=\"text-align: center;\"><span style=\"font-size: 12pt;\"><a href=\"http:\/\/citpc.fr\/adeli\/procedure-dinscription-au-test-psychotechnique\/\"><span style=\"color: #ffffff;\"><strong>Proc\u00e9dure d\u2019inscription<\/strong><\/span><\/a><\/span><\/h2>\n<p>[\/et_pb_text][\/et_pb_column][et_pb_column type=\u00a0\u00bb1_4&Prime;][et_pb_text global_parent=\u00a0\u00bb768&Prime; admin_label=\u00a0\u00bbPsychologues\u00a0\u00bb background_layout=\u00a0\u00bblight\u00a0\u00bb text_orientation=\u00a0\u00bbleft\u00a0\u00bb use_border_color=\u00a0\u00bboff\u00a0\u00bb border_color=\u00a0\u00bb#ffffff\u00a0\u00bb border_style=\u00a0\u00bbsolid\u00a0\u00bb]<\/p>\n<h2 style=\"text-align: center;\"><span style=\"font-size: 12pt;\"><a href=\"http:\/\/citpc.fr\/adeli\/psychologues-adeli_ars\/\"><span style=\"color: #ffffff;\"><strong>Psychologues ADELI \/ ARS<\/strong><\/span><\/a><\/span><\/h2>\n<p>[\/et_pb_text][\/et_pb_column][\/et_pb_row][et_pb_row global_parent=\u00a0\u00bb768&Prime; admin_label=\u00a0\u00bbLigne\u00a0\u00bb make_fullwidth=\u00a0\u00bboff\u00a0\u00bb use_custom_width=\u00a0\u00bboff\u00a0\u00bb width_unit=\u00a0\u00bbon\u00a0\u00bb use_custom_gutter=\u00a0\u00bboff\u00a0\u00bb custom_padding=\u00a0\u00bb0px||0px|\u00a0\u00bb padding_mobile=\u00a0\u00bboff\u00a0\u00bb allow_player_pause=\u00a0\u00bboff\u00a0\u00bb parallax=\u00a0\u00bboff\u00a0\u00bb parallax_method=\u00a0\u00bboff\u00a0\u00bb make_equal=\u00a0\u00bboff\u00a0\u00bb parallax_1=\u00a0\u00bboff\u00a0\u00bb parallax_method_1=\u00a0\u00bboff\u00a0\u00bb parallax_2=\u00a0\u00bboff\u00a0\u00bb parallax_method_2=\u00a0\u00bboff\u00a0\u00bb parallax_3=\u00a0\u00bboff\u00a0\u00bb parallax_method_3=\u00a0\u00bboff\u00a0\u00bb parallax_4=\u00a0\u00bboff\u00a0\u00bb parallax_method_4=\u00a0\u00bboff\u00a0\u00bb column_padding_mobile=\u00a0\u00bbon\u00a0\u00bb][et_pb_column type=\u00a0\u00bb1_4&Prime;][et_pb_text global_parent=\u00a0\u00bb768&Prime; admin_label=\u00a0\u00bbAnnulation\u00a0\u00bb background_layout=\u00a0\u00bblight\u00a0\u00bb text_orientation=\u00a0\u00bbleft\u00a0\u00bb use_border_color=\u00a0\u00bboff\u00a0\u00bb border_color=\u00a0\u00bb#ffffff\u00a0\u00bb border_style=\u00a0\u00bbsolid\u00a0\u00bb]<\/p>\n<h2 style=\"text-align: center;\"><span style=\"font-size: 12pt;\"><a href=\"http:\/\/citpc.fr\/adeli\/annulation-du-permis\/\"><span style=\"color: #ffffff;\"><strong>Annulation du permis<\/strong><\/span><\/a><\/span><\/h2>\n<p>[\/et_pb_text][\/et_pb_column][et_pb_column type=\u00a0\u00bb1_4&Prime;][et_pb_text global_parent=\u00a0\u00bb768&Prime; admin_label=\u00a0\u00bbInvalidation\u00a0\u00bb background_layout=\u00a0\u00bblight\u00a0\u00bb text_orientation=\u00a0\u00bbleft\u00a0\u00bb use_border_color=\u00a0\u00bboff\u00a0\u00bb border_color=\u00a0\u00bb#ffffff\u00a0\u00bb border_style=\u00a0\u00bbsolid\u00a0\u00bb]<\/p>\n<h2 style=\"text-align: center;\"><span style=\"color: #ffffff; font-size: 12pt;\"><strong><a style=\"color: #ffffff;\" href=\"http:\/\/citpc.fr\/adeli\/invalidation-du-permis\/\">Invalidation du permis<\/a><\/strong><\/span><\/h2>\n<p>[\/et_pb_text][\/et_pb_column][et_pb_column type=\u00a0\u00bb1_4&Prime;][et_pb_text global_parent=\u00a0\u00bb768&Prime; admin_label=\u00a0\u00bbSuspension\u00a0\u00bb background_layout=\u00a0\u00bblight\u00a0\u00bb text_orientation=\u00a0\u00bbleft\u00a0\u00bb use_border_color=\u00a0\u00bboff\u00a0\u00bb border_color=\u00a0\u00bb#ffffff\u00a0\u00bb border_style=\u00a0\u00bbsolid\u00a0\u00bb]<\/p>\n<h2 style=\"text-align: center;\"><span style=\"font-size: 12pt;\"><a href=\"http:\/\/citpc.fr\/adeli\/suspension-du-permis\/\"><span style=\"color: #ffffff;\"><strong>Suspension du permis<\/strong><\/span><\/a><\/span><\/h2>\n<p>[\/et_pb_text][\/et_pb_column][et_pb_column type=\u00a0\u00bb1_4&Prime;][et_pb_text global_parent=\u00a0\u00bb768&Prime; admin_label=\u00a0\u00bbPr\u00e9fectures\u00a0\u00bb background_layout=\u00a0\u00bblight\u00a0\u00bb text_orientation=\u00a0\u00bbleft\u00a0\u00bb use_border_color=\u00a0\u00bboff\u00a0\u00bb border_color=\u00a0\u00bb#ffffff\u00a0\u00bb border_style=\u00a0\u00bbsolid\u00a0\u00bb]<\/p>\n<h2 style=\"text-align: center;\"><span style=\"color: #ffffff; font-size: 12pt;\"><strong><a href=\"http:\/\/citpc.fr\/adeli\/liste-des-prefectures\/\">Liste des pr\u00e9fectures<\/a> <\/strong><\/span><\/h2>\n<p>[\/et_pb_text][\/et_pb_column][\/et_pb_row][\/et_pb_section][et_pb_section admin_label=\u00a0\u00bbSection\u00a0\u00bb fullwidth=\u00a0\u00bboff\u00a0\u00bb specialty=\u00a0\u00bbon\u00a0\u00bb transparent_background=\u00a0\u00bboff\u00a0\u00bb background_color=\u00a0\u00bb#ffffff\u00a0\u00bb allow_player_pause=\u00a0\u00bboff\u00a0\u00bb inner_shadow=\u00a0\u00bboff\u00a0\u00bb parallax=\u00a0\u00bboff\u00a0\u00bb parallax_method=\u00a0\u00bboff\u00a0\u00bb padding_mobile=\u00a0\u00bboff\u00a0\u00bb make_fullwidth=\u00a0\u00bboff\u00a0\u00bb use_custom_width=\u00a0\u00bboff\u00a0\u00bb width_unit=\u00a0\u00bbon\u00a0\u00bb make_equal=\u00a0\u00bboff\u00a0\u00bb use_custom_gutter=\u00a0\u00bboff\u00a0\u00bb parallax_1=\u00a0\u00bboff\u00a0\u00bb parallax_method_1=\u00a0\u00bboff\u00a0\u00bb parallax_2=\u00a0\u00bboff\u00a0\u00bb parallax_method_2=\u00a0\u00bboff\u00a0\u00bb custom_padding=\u00a0\u00bb20px|||\u00a0\u00bb][et_pb_column type=\u00a0\u00bb3_4&Prime; specialty_columns=\u00a0\u00bb3&Prime;][et_pb_row_inner admin_label=\u00a0\u00bbLigne\u00a0\u00bb][et_pb_column_inner type=\u00a0\u00bb4_4&Prime; saved_specialty_column_type=\u00a0\u00bb3_4&Prime;][et_pb_text admin_label=\u00a0\u00bbTexte\u00a0\u00bb background_layout=\u00a0\u00bblight\u00a0\u00bb text_orientation=\u00a0\u00bbleft\u00a0\u00bb use_border_color=\u00a0\u00bboff\u00a0\u00bb border_color=\u00a0\u00bb#ffffff\u00a0\u00bb border_style=\u00a0\u00bbsolid\u00a0\u00bb]<\/p>\n<h1>Les diff\u00e9rentes lettres<\/h1>\n<p>&nbsp;<\/p>\n<h2>La lettre 48<\/h2>\n<p>La lettre 48 est adress\u00e9e par le service du Fichier National du Permis de Conduire (FNPC) du Minist\u00e8re de l&rsquo;Int\u00e9rieur aux conducteurs pour leur signifier un retrait de point(s) suite \u00e0 une infraction au Code de la Route. La lettre 48 est transmise par courrier simple.<\/p>\n<h2>La lettre 48 M<\/h2>\n<p>Depuis juillet 2007, la lettre 48M est envoy\u00e9e en recommand\u00e9 avec accus\u00e9 de r\u00e9ception par le service du Fichier National du Permis de Conduire (FNPC) du Minist\u00e8re de l&rsquo;Int\u00e9rieur. Elle indique aux conducteurs que le capital de points de leur permis de conduire a atteint ou franchi le seuil des 6 points (sur un nombre maximal de 12). Cette lettre leur conseille de suivre un <a title=\"Stage de sensibilisation \u00e0 la s\u00e9curit\u00e9 routi\u00e8re\" href=\"http:\/\/citpc.fr\/adeli\/recuperation-des-points\/\">stage de sensibilisation \u00e0 la s\u00e9curit\u00e9 routi\u00e8re<\/a> (stage de r\u00e9cup\u00e9ration de points).<\/p>\n<h2>La lettre 48 N<\/h2>\n<p>La lettre 48 N est envoy\u00e9e en recommand\u00e9 avec accus\u00e9 de r\u00e9ception par le service du Fichier National du Permis de Conduire (FNPC) du Minist\u00e8re de l&rsquo;Int\u00e9rieur aux conducteurs ayant \u00e9t\u00e9 condamn\u00e9s pour une infraction entra\u00eenant une perte de 3 points ou plus pendant leur p\u00e9riode probatoire. Les conducteurs sont alors dans l&rsquo;obligation de suivre un\u00a0<a title=\"Stage de sensibilisation \u00e0 la s\u00e9curit\u00e9 routi\u00e8re\" href=\"http:\/\/citpc.fr\/adeli\/recuperation-des-points\/\">stage de sensibilisation \u00e0 la s\u00e9curit\u00e9 routi\u00e8re<\/a> (stage de r\u00e9cup\u00e9ration de points) dans un d\u00e9lai de 4 mois \u00e0 compter de la date de r\u00e9ception de cette lettre. Le stage permet de r\u00e9cup\u00e9rer 4 points (sans d\u00e9passer, apr\u00e8s r\u00e9cup\u00e9ration, le capital de points maximum fix\u00e9 selon l&rsquo;ann\u00e9e d&rsquo;obtention du <a title=\"Permis probatoire\" href=\"http:\/\/citpc.fr\/adeli\/permis-probatoire\/\">permis probatoire<\/a>) et de se faire rembourser le montant de l&rsquo;amende.<\/p>\n<h2>La lettre 48 SI<\/h2>\n<p>La lettre 48 SI est envoy\u00e9e en recommand\u00e9 avec accus\u00e9 de r\u00e9ception par le service du Fichier National du Permis de Conduire (FNPC) du Minist\u00e8re de l&rsquo;Int\u00e9rieur et notifie aux conducteurs <a title=\"Invalidation\" href=\"http:\/\/citpc.fr\/adeli\/types-de-retrait-du-permis\/\">l\u2019invalidation<\/a> de leur permis de conduire \u00e0 la suite de la perte totale des points. A la r\u00e9ception de ce courrier, les conducteurs perdent le droit de conduire et doivent restituer leur permis de conduire sous 10 jours \u00e0 la Pr\u00e9fecture ou Sous-Pr\u00e9fecture. <a title=\"Invalidation\" href=\"http:\/\/citpc.fr\/adeli\/types-de-retrait-du-permis\/\">L\u2019invalidation<\/a> affecte l\u2019ensemble des cat\u00e9gories de permis. Pour retrouver le droit de conduire, ils doivent attendre 6 mois, se soumettre \u00e0 des <a title=\"Examens m\u00e9dicaux\" href=\"http:\/\/www.citpc.fr\/visiteMedicale.php\">examens m\u00e9dicaux<\/a> et des <a title=\"Tests psychotechniques\" href=\"http:\/\/www.citpc.fr\/testsPsychotechniques.php\">tests psychotechniques<\/a> puis repasser l&rsquo;\u00e9preuve th\u00e9orique du Code de la Route (et la pratique\/conduite dans certains cas).<\/p>\n<h2>La lettre 7<\/h2>\n<p>La lettre r\u00e9f\u00e9rence 7 est envoy\u00e9e aux conducteurs qui ont une <a title=\"Annulation judiciaire\" href=\"http:\/\/citpc.fr\/adeli\/types-de-retrait-du-permis\/\">annulation judiciaire<\/a> du permis de conduire. Il s&rsquo;agit de la notification de la d\u00e9cision du Tribunal qui vous interdit de conduire et de repasser votre permis avant un d\u00e9lai d&rsquo;une dur\u00e9e variable indiqu\u00e9e sur ce document.<\/p>\n<h2>La lettre 47<\/h2>\n<p>Cette lettre est envoy\u00e9e par courrier simple par le Pr\u00e9fet du lieu du stage de sensibilisation \u00e0 la s\u00e9curit\u00e9 routi\u00e8re que le conducteur a effectu\u00e9. Elle vous informe de la reconstitution des points obtenue \u00e0 travers ce stage et vous donne votre nouveau solde de points.<\/p>\n<h2>Les lettres 46 et 46B<\/h2>\n<p>Ces lettres sont envoy\u00e9es par courrier simple par le Minist\u00e8re de l\u2019Int\u00e9rieur et vous informent des reconstitutions de points obtenues \u00e0 l\u2019issue des d\u00e9lais de trois ans (lettre 46) et dix ans (lettre 46B). Pour plus d\u2019informations, se r\u00e9f\u00e9rer \u00e0 la page <a title=\"R\u00e9cup\u00e9ration de points\" href=\"http:\/\/www.citpc.fr\/recuperationPoints.php\">r\u00e9cup\u00e9ration des points<\/a>.<\/p>\n<p>[\/et_pb_text][et_pb_text admin_label=\u00a0\u00bbAvertissement\u00a0\u00bb global_module=\u00a0\u00bb387&Prime; background_layout=\u00a0\u00bblight\u00a0\u00bb text_orientation=\u00a0\u00bbleft\u00a0\u00bb use_border_color=\u00a0\u00bboff\u00a0\u00bb border_color=\u00a0\u00bb#ffffff\u00a0\u00bb border_style=\u00a0\u00bbsolid\u00a0\u00bb background_color=\u00a0\u00bb#eeeeee\u00a0\u00bb custom_padding=\u00a0\u00bb10px|10px|10px|10px\u00a0\u00bb saved_tabs=\u00a0\u00bball\u00a0\u00bb]<\/p>\n<p><em><span style=\"font-size: 8pt; color: #3366ff;\">Les informations publi\u00e9es sur notre site <strong><span style=\"text-decoration: underline; color: #000080;\">citpc.fr<\/span><\/strong> sont non contractuelles et sujettes \u00e0 modification sans pr\u00e9avis.\u00a0Les publications peuvent \u00eatre incompl\u00e8tes ou comporter des erreurs lors de leur consultation en fonction des \u00e9ventuelles modifications de la l\u00e9gislation en vigueur ou des \u00e9ventuelles erreurs de transcription. Seules font foi les publications du Journal Officiel de la R\u00e9publique Fran\u00e7aise.\u00a0Les textes officiels sont accessibles sur le site de Legifrance.\u00a0Direction des Journaux Officiels &#8211; 26, rue Desaix &#8211; 75727 Paris cedex 15<\/span><\/em><\/p>\n<p>[\/et_pb_text][\/et_pb_column_inner][\/et_pb_row_inner][\/et_pb_column][et_pb_column type=\u00a0\u00bb1_4&Prime;][et_pb_text admin_label=\u00a0\u00bbD\u00e9partement\u00a0\u00bb background_layout=\u00a0\u00bblight\u00a0\u00bb text_orientation=\u00a0\u00bbleft\u00a0\u00bb use_border_color=\u00a0\u00bboff\u00a0\u00bb border_color=\u00a0\u00bb#ffffff\u00a0\u00bb border_style=\u00a0\u00bbsolid\u00a0\u00bb background_color=\u00a0\u00bb#6c9bc1&Prime; custom_padding=\u00a0\u00bb10px|10px|10px|10px\u00a0\u00bb custom_margin=\u00a0\u00bb||0px|\u00a0\u00bb]<\/p>\n<h1><span style=\"color: #000080; font-size: 14pt;\"><strong>R\u00e9server un test psychotechnique<\/strong><\/span><\/h1>\n<form action=\"http:\/\/citpc.fr\/tests.php\" method=\"get\"><select id=\"id\" class=\"select\" name=\"id\" onchange=\"javascript:submit();\"><option value=\"\">Votre d\u00e9partement<\/option><option value=\"1\">01 &#8211; Ain<\/option><option value=\"2\">02 &#8211; Aisne<\/option><option value=\"3\">03 &#8211; Allier<\/option><option value=\"4\">04 &#8211; Alpes-de-Haute-Provence<\/option><option value=\"5\">05 &#8211; Hautes-Alpes<\/option><option value=\"6\">06 &#8211; Alpes-Maritimes<\/option><option value=\"7\">07 &#8211; Ard\u00e8che<\/option><option value=\"8\">08 &#8211; Ardennes<\/option><option value=\"9\">09 &#8211; Ari\u00e8ge<\/option><option value=\"10\">10 &#8211; Aube<\/option><option value=\"11\">11 &#8211; Aude<\/option><option value=\"12\">12 &#8211; Aveyron<\/option><option value=\"13\">13 &#8211; Bouches-du-Rh\u00f4ne<\/option><option value=\"14\">14 &#8211; Calvados<\/option><option value=\"15\">15 &#8211; Cantal<\/option><option value=\"16\">16 &#8211; Charente<\/option><option value=\"17\">17 &#8211; Charente-Maritime<\/option><option value=\"18\">18 &#8211; Cher<\/option><option value=\"19\">19 &#8211; Corr\u00e8ze<\/option><option value=\"20\">20 &#8211; Corse (2A et 2B)<\/option><option value=\"21\">21 &#8211; C\u00f4te-d&rsquo;Or<\/option><option value=\"22\">22 &#8211; C\u00f4tes-d&rsquo;Armor<\/option><option value=\"23\">23 &#8211; Creuse<\/option><option value=\"24\">24 &#8211; Dordogne<\/option><option value=\"25\">25 &#8211; Doubs<\/option><option value=\"26\">26 &#8211; Dr\u00f4me<\/option><option value=\"27\">27 &#8211; Eure<\/option><option value=\"28\">28 &#8211; Eure-et-Loir<\/option><option value=\"29\">29 &#8211; Finist\u00e8re<\/option><option value=\"30\">30 &#8211; Gard<\/option><option value=\"31\">31 &#8211; Haute-Garonne<\/option><option value=\"32\">32 &#8211; Gers<\/option><option value=\"33\">33 &#8211; Gironde<\/option><option value=\"34\">34 &#8211; H\u00e9rault<\/option><option value=\"35\">35 &#8211; Ille-et-Vilaine<\/option><option value=\"36\">36 &#8211; Indre<\/option><option value=\"37\">37 &#8211; Indre-et-Loire<\/option><option value=\"38\">38 &#8211; Is\u00e8re<\/option><option value=\"39\">39 &#8211; Jura<\/option><option value=\"40\">40 &#8211; Landes<\/option><option value=\"41\">41 &#8211; Loir-et-Cher<\/option><option value=\"42\">42 &#8211; Loire<\/option><option value=\"43\">43 &#8211; Haute-Loire<\/option><option value=\"44\">44 &#8211; Loire-Atlantique<\/option><option value=\"45\">45 &#8211; Loiret<\/option><option value=\"46\">46 &#8211; Lot<\/option><option value=\"47\">47 &#8211; Lot-et-Garonne<\/option><option value=\"48\">48 &#8211; Loz\u00e8re<\/option><option value=\"49\">49 &#8211; Maine-et-Loire<\/option><option value=\"50\">50 &#8211; Manche<\/option><option value=\"51\">51 &#8211; Marne<\/option><option value=\"52\">52 &#8211; Haute-Marne<\/option><option value=\"53\">53 &#8211; Mayenne<\/option><option value=\"54\">54 &#8211; Meurthe-et-Moselle<\/option><option value=\"55\">55 &#8211; Meuse<\/option><option value=\"56\">56 &#8211; Morbihan<\/option><option value=\"57\">57 &#8211; Moselle<\/option><option value=\"58\">58 &#8211; Ni\u00e8vre<\/option><option value=\"59\">59 &#8211; Nord<\/option><option value=\"60\">60 &#8211; Oise<\/option><option value=\"61\">61 &#8211; Orne<\/option><option value=\"62\">62 &#8211; Pas-de-Calais<\/option><option value=\"63\">63 &#8211; Puy-de-D\u00f4me<\/option><option value=\"64\">64 &#8211; Pyr\u00e9n\u00e9es-Atlantiques<\/option><option value=\"65\">65 &#8211; Hautes-Pyr\u00e9n\u00e9es<\/option><option value=\"66\">66 &#8211; Pyr\u00e9n\u00e9es-Orientales<\/option><option value=\"67\">67 &#8211; Bas-Rhin<\/option><option value=\"68\">68 &#8211; Haut-Rhin<\/option><option value=\"69\">69 &#8211; Rh\u00f4ne<\/option><option value=\"70\">70 &#8211; Haute-Sa\u00f4ne<\/option><option value=\"71\">71 &#8211; Sa\u00f4ne-et-Loire<\/option><option value=\"72\">72 &#8211; Sarthe<\/option><option value=\"73\">73 &#8211; Savoie<\/option><option value=\"74\">74 &#8211; Haute-Savoie<\/option><option value=\"75\">75 &#8211; Paris<\/option><option value=\"76\">76 &#8211; Seine-Maritime<\/option><option value=\"77\">77 &#8211; Seine-et-Marne<\/option><option value=\"78\">78 &#8211; Yvelines<\/option><option value=\"79\">79 &#8211; Deux-S\u00e8vres<\/option><option value=\"80\">80 &#8211; Somme<\/option><option value=\"81\">81 &#8211; Tarn<\/option><option value=\"82\">82 &#8211; Tarn-et-Garonne<\/option><option value=\"83\">83 &#8211; Var<\/option><option value=\"84\">84 &#8211; Vaucluse<\/option><option value=\"85\">85 &#8211; Vend\u00e9e<\/option><option value=\"86\">86 &#8211; Vienne<\/option><option value=\"87\">87 &#8211; Haute-Vienne<\/option><option value=\"88\">88 &#8211; Vosges<\/option><option value=\"89\">89 &#8211; Yonne<\/option><option value=\"90\">90 &#8211; Territoire de Belfort<\/option><option value=\"91\">91 &#8211; Essonne<\/option><option value=\"92\">92 &#8211; Hauts-de-Seine<\/option><option value=\"93\">93 &#8211; Seine-Saint-Denis<\/option><option value=\"94\">94 &#8211; Val-de-Marne<\/option><option value=\"95\">95 &#8211; Val-d&rsquo;Oise<\/option><option value=\"96\">97 &#8211; Dom\/Tom<\/option><\/select><\/form>\n<p>[\/et_pb_text][et_pb_text admin_label=\u00a0\u00bbInfos\u00a0\u00bb global_module=\u00a0\u00bb246&Prime; background_layout=\u00a0\u00bblight\u00a0\u00bb text_orientation=\u00a0\u00bbleft\u00a0\u00bb use_border_color=\u00a0\u00bboff\u00a0\u00bb border_color=\u00a0\u00bb#ffffff\u00a0\u00bb border_style=\u00a0\u00bbsolid\u00a0\u00bb custom_padding=\u00a0\u00bb10px|10px|10px|10px\u00a0\u00bb background_color=\u00a0\u00bb#eeeeee\u00a0\u00bb custom_margin=\u00a0\u00bb0px|||\u00a0\u00bb saved_tabs=\u00a0\u00bball\u00a0\u00bb]<\/p>\n<p><span style=\"text-decoration: underline;\"><strong>Infos r\u00e9glementaires<\/strong><\/span><\/p>\n<ul>\n<li><a href=\"http:\/\/citpc.fr\/adeli\/capital-initial\/\">Capital initial<\/a><\/li>\n<li><a href=\"http:\/\/citpc.fr\/adeli\/bareme-des-infractions\/\">Bar\u00e8me des infractions<\/a><\/li>\n<li><a href=\"http:\/\/citpc.fr\/adeli\/les-differentes-lettres\/\">Les diff\u00e9rentes lettres<\/a><\/li>\n<li><a href=\"http:\/\/citpc.fr\/adeli\/permis-probatoire\/\">Permis probatoire<\/a><\/li>\n<li><a href=\"http:\/\/citpc.fr\/adeli\/recuperation-des-points\/\">R\u00e9cup\u00e9ration des points<\/a><\/li>\n<li><a href=\"http:\/\/citpc.fr\/adeli\/types-de-retrait-du-permis\/\">Types de retrait du permis<\/a><\/li>\n<li><a href=\"http:\/\/citpc.fr\/adeli\/tests-psychotechniques\/\">Tests psychotechniques<\/a><\/li>\n<li><a href=\"http:\/\/citpc.fr\/adeli\/visite-medicale\/\">Visite m\u00e9dicale<\/a><\/li>\n<li><a href=\"http:\/\/citpc.fr\/adeli\/conduite-sans-permis\/\">Conduite sans permis<\/a><\/li>\n<li><a href=\"http:\/\/citpc.fr\/adeli\/permis-a-points-et-chiffres\/\">Permis \u00e0 points et chiffres<\/a><\/li>\n<\/ul>\n<p>[\/et_pb_text][\/et_pb_column][\/et_pb_section]<\/p>\n","protected":false},"excerpt":{"rendered":"<p>[et_pb_section admin_label=\u00a0\u00bbSection\u00a0\u00bb global_module=\u00a0\u00bb768&Prime; fullwidth=\u00a0\u00bboff\u00a0\u00bb specialty=\u00a0\u00bboff\u00a0\u00bb transparent_background=\u00a0\u00bboff\u00a0\u00bb background_color=\u00a0\u00bb#777777&Prime; allow_player_pause=\u00a0\u00bboff\u00a0\u00bb inner_shadow=\u00a0\u00bboff\u00a0\u00bb parallax=\u00a0\u00bboff\u00a0\u00bb parallax_method=\u00a0\u00bboff\u00a0\u00bb padding_mobile=\u00a0\u00bboff\u00a0\u00bb make_fullwidth=\u00a0\u00bboff\u00a0\u00bb use_custom_width=\u00a0\u00bboff\u00a0\u00bb width_unit=\u00a0\u00bbon\u00a0\u00bb make_equal=\u00a0\u00bboff\u00a0\u00bb use_custom_gutter=\u00a0\u00bboff\u00a0\u00bb custom_padding=\u00a0\u00bb5px||0px|\u00a0\u00bb disabled=\u00a0\u00bboff\u00a0\u00bb disabled_on=\u00a0\u00bbon||\u00a0\u00bb][et_pb_row global_parent=\u00a0\u00bb768&Prime; admin_label=\u00a0\u00bbLigne\u00a0\u00bb make_fullwidth=\u00a0\u00bboff\u00a0\u00bb use_custom_width=\u00a0\u00bboff\u00a0\u00bb width_unit=\u00a0\u00bbon\u00a0\u00bb use_custom_gutter=\u00a0\u00bboff\u00a0\u00bb custom_padding=\u00a0\u00bb0px||0px|\u00a0\u00bb padding_mobile=\u00a0\u00bboff\u00a0\u00bb allow_player_pause=\u00a0\u00bboff\u00a0\u00bb parallax=\u00a0\u00bboff\u00a0\u00bb parallax_method=\u00a0\u00bboff\u00a0\u00bb make_equal=\u00a0\u00bboff\u00a0\u00bb parallax_1=\u00a0\u00bboff\u00a0\u00bb parallax_method_1=\u00a0\u00bboff\u00a0\u00bb parallax_2=\u00a0\u00bboff\u00a0\u00bb parallax_method_2=\u00a0\u00bboff\u00a0\u00bb parallax_3=\u00a0\u00bboff\u00a0\u00bb parallax_method_3=\u00a0\u00bboff\u00a0\u00bb parallax_4=\u00a0\u00bboff\u00a0\u00bb parallax_method_4=\u00a0\u00bboff\u00a0\u00bb column_padding_mobile=\u00a0\u00bbon\u00a0\u00bb][et_pb_column type=\u00a0\u00bb1_4&Prime;][et_pb_text global_parent=\u00a0\u00bb768&Prime; admin_label=\u00a0\u00bbInscription \u00e0 un test\u00a0\u00bb background_layout=\u00a0\u00bblight\u00a0\u00bb text_orientation=\u00a0\u00bbleft\u00a0\u00bb use_border_color=\u00a0\u00bboff\u00a0\u00bb border_color=\u00a0\u00bb#ffffff\u00a0\u00bb border_style=\u00a0\u00bbsolid\u00a0\u00bb] Inscription \u00e0 un [&hellip;]<\/p>\n","protected":false},"author":2,"featured_media":0,"parent":0,"menu_order":0,"comment_status":"closed","ping_status":"closed","template":"","meta":{"_et_pb_use_builder":"on","_et_pb_old_content":"","_et_gb_content_width":""},"_links":{"self":[{"href":"http:\/\/citpc.fr\/adeli\/wp-json\/wp\/v2\/pages\/200"}],"collection":[{"href":"http:\/\/citpc.fr\/adeli\/wp-json\/wp\/v2\/pages"}],"about":[{"href":"http:\/\/citpc.fr\/adeli\/wp-json\/wp\/v2\/types\/page"}],"author":[{"embeddable":true,"href":"http:\/\/citpc.fr\/adeli\/wp-json\/wp\/v2\/users\/2"}],"replies":[{"embeddable":true,"href":"http:\/\/citpc.fr\/adeli\/wp-json\/wp\/v2\/comments?post=200"}],"version-history":[{"count":15,"href":"http:\/\/citpc.fr\/adeli\/wp-json\/wp\/v2\/pages\/200\/revisions"}],"predecessor-version":[{"id":1055,"href":"http:\/\/citpc.fr\/adeli\/wp-json\/wp\/v2\/pages\/200\/revisions\/1055"}],"wp:attachment":[{"href":"http:\/\/citpc.fr\/adeli\/wp-json\/wp\/v2\/media?parent=200"}],"curies":[{"name":"wp","href":"https:\/\/api.w.org\/{rel}","templated":true}]}}