{"id":206,"date":"2016-04-24T23:26:30","date_gmt":"2016-04-24T21:26:30","guid":{"rendered":"http:\/\/citpc.fr\/adeli\/?page_id=206"},"modified":"2016-07-02T14:06:13","modified_gmt":"2016-07-02T12:06:13","slug":"types-de-retrait-du-permis","status":"publish","type":"page","link":"http:\/\/citpc.fr\/adeli\/types-de-retrait-du-permis\/","title":{"rendered":"Types de retrait du permis"},"content":{"rendered":"<p>[et_pb_section admin_label=\u00a0\u00bbSection\u00a0\u00bb fullwidth=\u00a0\u00bboff\u00a0\u00bb specialty=\u00a0\u00bbon\u00a0\u00bb transparent_background=\u00a0\u00bboff\u00a0\u00bb background_color=\u00a0\u00bb#ffffff\u00a0\u00bb allow_player_pause=\u00a0\u00bboff\u00a0\u00bb inner_shadow=\u00a0\u00bboff\u00a0\u00bb parallax=\u00a0\u00bboff\u00a0\u00bb parallax_method=\u00a0\u00bboff\u00a0\u00bb padding_mobile=\u00a0\u00bboff\u00a0\u00bb make_fullwidth=\u00a0\u00bboff\u00a0\u00bb use_custom_width=\u00a0\u00bboff\u00a0\u00bb width_unit=\u00a0\u00bbon\u00a0\u00bb make_equal=\u00a0\u00bboff\u00a0\u00bb use_custom_gutter=\u00a0\u00bboff\u00a0\u00bb parallax_1=\u00a0\u00bboff\u00a0\u00bb parallax_method_1=\u00a0\u00bboff\u00a0\u00bb parallax_2=\u00a0\u00bboff\u00a0\u00bb parallax_method_2=\u00a0\u00bboff\u00a0\u00bb custom_padding=\u00a0\u00bb20px|||\u00a0\u00bb][et_pb_column type=\u00a0\u00bb3_4&Prime; specialty_columns=\u00a0\u00bb3&Prime;][et_pb_row_inner admin_label=\u00a0\u00bbLigne\u00a0\u00bb][et_pb_column_inner type=\u00a0\u00bb4_4&Prime; saved_specialty_column_type=\u00a0\u00bb3_4&Prime;][et_pb_text admin_label=\u00a0\u00bbTexte\u00a0\u00bb background_layout=\u00a0\u00bblight\u00a0\u00bb text_orientation=\u00a0\u00bbleft\u00a0\u00bb use_border_color=\u00a0\u00bboff\u00a0\u00bb border_color=\u00a0\u00bb#ffffff\u00a0\u00bb border_style=\u00a0\u00bbsolid\u00a0\u00bb]<\/p>\n<h1>Types de retrait du permis<\/h1>\n<p>&nbsp;<\/p>\n<h2>L&rsquo;invalidation\u00a0dans le cas du permis probatoire (6 points)<\/h2>\n<p>Si vous perdez en une ou plusieurs infraction(s) vos 6 points, votre permis est invalid\u00e9. Il ne vous sera plus possible de suivre un <a title=\"Stage de sensibilisation \u00e0 la s\u00e9curit\u00e9 routi\u00e8re\" href=\"http:\/\/citpc.fr\/adeli\/recuperation-des-points\/\">stage de sensibilisation \u00e0 la s\u00e9curit\u00e9 routi\u00e8re<\/a> et il vous sera interdit de conduire pendant 6 mois.<\/p>\n<p>A la fin des 6 mois, vous pourrez repasser votre permis (code et conduite) apr\u00e8s avoir pass\u00e9 une <a title=\"Visite m\u00e9dicale\" href=\"http:\/\/citpc.fr\/adeli\/visite-medicale\/\">visite m\u00e9dicale<\/a> et un\u00a0<a title=\"Examen psychotechnique\" href=\"http:\/\/citpc.fr\/adeli\/\">examen psychotechnique<\/a> et \u00eatre reconnu \u00ab\u00a0apte\u00a0\u00bb \u00e0 la conduite.<\/p>\n<p>La demande de nouveau permis et la passation d&rsquo;examens m\u00e9dicaux et psychotechniques peuvent \u00eatre accomplies d\u00e8s le d\u00e9p\u00f4t du permis en Pr\u00e9fecture ou Sous-Pr\u00e9fecture. Vous pourrez \u00e9galement obtenir le code et la conduite avant la fin de l\u2019interdiction de conduire d&rsquo;une dur\u00e9e de 6 mois. Il vous faudra cependant attendre la fin de ce d\u00e9lai de 6 mois pour pouvoir \u00e0 nouveau conduire.<\/p>\n<p>Si vous perdez une 2\u00e8me fois la totalit\u00e9 des points de votre permis dans une p\u00e9riode de 5 ans, le d\u00e9lai d&rsquo;interdiction de conduire passera de 6 mois \u00e0 1 an.<\/p>\n<h2>L&rsquo;invalidation\u00a0dans le cas du permis \u00e0 12 points<\/h2>\n<p>Si vous avez perdu la totalit\u00e9 de vos 12 points, votre permis est invalid\u00e9. Il vous sera interdit de conduire pendant 6 mois un v\u00e9hicule dont la conduite n\u00e9cessite un permis. Nous n&rsquo;avons pas plusieurs permis de conduire mais un seul avec \u00e9ventuellement plusieurs cat\u00e9gories (voiture, moto, poids lourd,&#8230;) : l\u2019interdiction de conduire s&rsquo;applique donc \u00e0 tous les v\u00e9hicules.<\/p>\n<p>Afin de repasser votre permis, il vous faudra effectuer les d\u00e9marches suivantes pendant les 6 mois d\u2019interdiction de conduire :<\/p>\n<ul>\n<li>Passer une <a title=\"Visite m\u00e9dicale\" href=\"http:\/\/citpc.fr\/adeli\/visite-medicale\/\">visite m\u00e9dicale<\/a> et un <a title=\"Examen psychotechnique\" href=\"http:\/\/citpc.fr\/adeli\/\">examen psychotechnique<\/a> et \u00eatre reconnu \u00ab apte \u00bb \u00e0 la conduite<\/li>\n<li>Repasser uniquement le code si vous \u00eates titulaire de votre permis depuis plus de 3 ans et si vous faites votre demande de permis en Pr\u00e9fecture moins de 3 mois apr\u00e8s la fin du d\u00e9lai d&rsquo;interdiction de conduire<\/li>\n<li>Repasser le code et la conduite si vous \u00eates titulaire de votre permis depuis moins de 3 ans ou si votre permis a \u00e9t\u00e9 annul\u00e9 par d\u00e9cision de justice assortie d&rsquo;une interdiction de conduire pour une dur\u00e9e d\u2019un an ou plus.<\/li>\n<\/ul>\n<p>Si vous perdez une 2\u00e8me fois la totalit\u00e9 des points de votre permis dans une p\u00e9riode de 5 ans, le d\u00e9lai d&rsquo;interdiction de conduire passera de 6 mois \u00e0 1 an.<\/p>\n<h2>La suspension<\/h2>\n<p>Il existe 2 types de suspension du permis de conduire : l&rsquo;une par le Pr\u00e9fet, appel\u00e9e \u00ab\u00a0suspension administrative\u00a0\u00bb, et l&rsquo;autre par le juge dite \u00ab\u00a0suspension judiciaire\u00a0\u00bb.<\/p>\n<h3>Suspension administrative<\/h3>\n<p>A l\u2019issue des 72 heures de r\u00e9tention du permis, le Pr\u00e9fet du d\u00e9partement o\u00f9 l&rsquo;infraction a \u00e9t\u00e9 commise peut suspendre le permis de conduire pour une dur\u00e9e qui ne peut exc\u00e9der 6 mois en cas d\u2019infraction grave au Code de la Route, qui peut \u00eatre :<\/p>\n<ul>\n<li>la conduite en \u00e9tat d\u2019alcool\u00e9mie sup\u00e9rieur \u00e0 0,5 gramme par litre de sang<\/li>\n<li>un d\u00e9passement dangereux<\/li>\n<li>le non respect d&rsquo;un stop<\/li>\n<li>un exc\u00e8s de vitesse (lorsque le d\u00e9passement de 40 km\/h ou plus de la vitesse maximale autoris\u00e9e est \u00e9tabli au moyen d&rsquo;un appareil homologu\u00e9 et lorsque le v\u00e9hicule est intercept\u00e9).<\/li>\n<\/ul>\n<p>Cette dur\u00e9e de r\u00e9tention du permis peut \u00eatre port\u00e9e \u00e0 un an en cas :<\/p>\n<ul>\n<li>d&rsquo;atteinte involontaire \u00e0 la vie ou \u00e0 l&rsquo;int\u00e9grit\u00e9 de la personne, susceptible d&rsquo;entra\u00eener une incapacit\u00e9 totale de travail<\/li>\n<li>de conduite en \u00e9tat d&rsquo;ivresse<\/li>\n<li>de d\u00e9lit de fuite.<\/li>\n<\/ul>\n<h3>Suspension judiciaire<\/h3>\n<p>Le permis de conduire peut \u00eatre suspendu par d\u00e9cision de justice si une infraction tr\u00e8s grave au Code de la Route a \u00e9t\u00e9 commise (homicide ou blessures involontaires, d\u00e9lit de fuite, conduite en \u00e9tat d&rsquo;ivresse, tr\u00e8s grand exc\u00e8s de vitesse).<\/p>\n<p>Elle peut \u00eatre d&rsquo;une dur\u00e9e de 6 ans.<\/p>\n<p>Dans le cas o\u00f9 une suspension administrative a d\u00e9j\u00e0 \u00e9t\u00e9 prononc\u00e9e \u00e0 votre \u00e9gard, la d\u00e9cision du juge prononc\u00e9e apr\u00e8s cette suspension pr\u00e9vaut.<\/p>\n<p>Lorsque la suspension a \u00e9t\u00e9 d\u00e9cid\u00e9e par un tribunal, l&rsquo;int\u00e9ress\u00e9 peut faire appel.<\/p>\n<p>La suspension prend effet le jour o\u00f9 la d\u00e9cision a \u00e9t\u00e9 notifi\u00e9e au conducteur.<\/p>\n<p>Elle entra\u00eene, pour la m\u00eame dur\u00e9e et dans les m\u00eames conditions, la suspension de toutes les autres cat\u00e9gories de permis de conduire dont le conducteur est titulaire.<\/p>\n<p>Si le permis a \u00e9t\u00e9 suspendu, il peut \u00eatre r\u00e9cup\u00e9r\u00e9 \u00e0 l&rsquo;issue de la p\u00e9riode de suspension avec le nombre de points qu\u2019il totalisait avant la suspension d\u00e9duction faite des points perdus li\u00e9s \u00e0 l\u2019infraction \u00e0 l\u2019origine de la suspension.<\/p>\n<p>Pour r\u00e9cup\u00e9rer votre permis, il faut alors vous adresser \u00e0 l&rsquo;autorit\u00e9 mentionn\u00e9e sur le r\u00e9c\u00e9piss\u00e9 qui vous a \u00e9t\u00e9 remis lors de la suspension.<\/p>\n<p>Dans certains cas pr\u00e9vus par le Code de la Route (tels que, notamment, la conduite sous l&#8217;emprise d\u2019alcool ou de stup\u00e9fiants), une <a title=\"Visite m\u00e9dicale\" href=\"http:\/\/citpc.fr\/adeli\/visite-medicale\/\">visite m\u00e9dicale<\/a> doit \u00eatre effectu\u00e9e.<\/p>\n<h2>L&rsquo;annulation<\/h2>\n<p>L&rsquo;annulation du permis de conduire est une d\u00e9cision judiciaire. Elle peut s\u2019appliquer sur ordre du Tribunal Correctionnel ou Tribunal de Grande Instance pour des d\u00e9lits routiers graves tels que :<\/p>\n<ul>\n<li>le d\u00e9lit de fuite<\/li>\n<li>l\u2019homicide<\/li>\n<li>la conduite avec un taux d\u2019alcool\u00e9mie d\u00e9lictuel (taux de 0,8 gr\/litre de sang)<\/li>\n<li>la conduite sous l\u2019emprise de produits stup\u00e9fiants<\/li>\n<li>le refus de se soumettre aux contr\u00f4les<\/li>\n<\/ul>\n<p>L&rsquo;annulation du permis de conduire s\u2019applique par contre de mani\u00e8re automatique dans les cas suivants :<\/p>\n<ul>\n<li>conduite en \u00e9tant d\u2019ivresse qui a caus\u00e9 la mort de la victime ou provoqu\u00e9 de graves blessures<\/li>\n<li>r\u00e9cidive de conduite en \u00e9tant d\u2019ivresse (deux d\u00e9lits en l\u2019espace de 5 ans)<\/li>\n<li>r\u00e9cidive de conduite sous l\u2019\u00e9tat de stup\u00e9fiants (\u00e0 deux reprises en l\u2019espace de 5 ans)<\/li>\n<li>r\u00e9cidive de refus de se soumettre aux contr\u00f4les d\u2019alcool\u00e9mie ou de stup\u00e9fiants (\u00e0 deux reprises en l\u2019espace de 5 ans)<\/li>\n<\/ul>\n<p>Le juge est d\u00e9cisionnaire quant \u00e0 la dur\u00e9e d\u2019interdiction de conduire. La dur\u00e9e d\u2019annulation maximale est g\u00e9n\u00e9ralement de 3 ans mais peut \u00eatre de 5 ans pour homicide ou blessures ou de 10 ans en cas de r\u00e9cidive de conduite sous l\u2019emprise d\u2019alcool\/stup\u00e9fiants (taux sup\u00e9rieur au taux l\u00e9gal) ayant entra\u00een\u00e9 un homicide.<\/p>\n<p>L&rsquo;interdiction de conduire votre v\u00e9hicule prend effet le jour o\u00f9 vous recevez la notification du juge.<\/p>\n<p>Afin de solliciter un nouveau permis \u00e0 la fin de la p\u00e9riode d\u2019interdiction de conduire, il vous faudra passer par les \u00e9tapes suivantes et \u00eatre reconnu \u00ab apte \u00bb \u00e0 la conduite.<\/p>\n<ul>\n<li>Vous enregistrer aupr\u00e8s des services pr\u00e9fectoraux des permis de conduire pour une demande de nouveau permis.<\/li>\n<li>Effectuer une <a title=\"Visite m\u00e9dicale\" href=\"http:\/\/citpc.fr\/adeli\/visite-medicale\/\">visite m\u00e9dicale<\/a> (aupr\u00e8s de la commission m\u00e9dicale de la Pr\u00e9fecture)<\/li>\n<li>Passer l\u2019examen de <a title=\"Tests psychotechniques\" href=\"http:\/\/www.citpc.fr\/testsPsychotechniques.php\">tests psychotechniques<\/a> (entretien avec un psychologue + tests psychotechniques)<\/li>\n<li>R\u00e9ussir de nouveau l\u2019\u00e9preuve th\u00e9orique du Code de la Route<\/li>\n<li>Repasser l\u2019\u00e9preuve pratique de conduite *<\/li>\n<\/ul>\n<div class=\"info\">\n<p>* Certains conducteurs pourront toutefois \u00eatre dispens\u00e9s de passer l&rsquo;\u00e9preuve pratique du permis s&rsquo;ils remplissent les 3 conditions suivantes :<\/p>\n<ul>\n<li>\u00eatre titulaire de leur permis depuis au moins 3 ans \u00e0 la date de l&rsquo;annulation<\/li>\n<li>ne pas \u00eatre soumis \u00e0 une annulation d&rsquo;une dur\u00e9e sup\u00e9rieure \u00e0 1 an<\/li>\n<li>avoir sollicit\u00e9 un nouveau permis dans les 3 mois qui suivent la fin de leur peine.<\/li>\n<\/ul>\n<\/div>\n<p><b>En cas d\u2019invalidation ou d\u2019annulation, le nouveau permis de conduire que vous obtiendrez sera un <a title=\"Permis probatoire\" href=\"http:\/\/citpc.fr\/adeli\/permis-probatoire\/\">permis probatoire<\/a> de 6 points. Vous acquerrez deux points suppl\u00e9mentaires par ann\u00e9e \u00e9coul\u00e9e sans infractions verbalis\u00e9es entra\u00eenant un retrait de points jusqu\u2019\u00e0 l\u2019atteinte des 12 points (permis probatoire progressif depuis le 1er janvier 2008).<\/b><\/p>\n<p>[\/et_pb_text][et_pb_text admin_label=\u00a0\u00bbAvertissement\u00a0\u00bb global_module=\u00a0\u00bb387&Prime; background_layout=\u00a0\u00bblight\u00a0\u00bb text_orientation=\u00a0\u00bbleft\u00a0\u00bb use_border_color=\u00a0\u00bboff\u00a0\u00bb border_color=\u00a0\u00bb#ffffff\u00a0\u00bb border_style=\u00a0\u00bbsolid\u00a0\u00bb background_color=\u00a0\u00bb#eeeeee\u00a0\u00bb custom_padding=\u00a0\u00bb10px|10px|10px|10px\u00a0\u00bb saved_tabs=\u00a0\u00bball\u00a0\u00bb]<\/p>\n<p><em><span style=\"font-size: 8pt; color: #3366ff;\">Les informations publi\u00e9es sur notre site <strong><span style=\"text-decoration: underline; color: #000080;\">citpc.fr<\/span><\/strong> sont non contractuelles et sujettes \u00e0 modification sans pr\u00e9avis.\u00a0Les publications peuvent \u00eatre incompl\u00e8tes ou comporter des erreurs lors de leur consultation en fonction des \u00e9ventuelles modifications de la l\u00e9gislation en vigueur ou des \u00e9ventuelles erreurs de transcription. Seules font foi les publications du Journal Officiel de la R\u00e9publique Fran\u00e7aise.\u00a0Les textes officiels sont accessibles sur le site de Legifrance.\u00a0Direction des Journaux Officiels &#8211; 26, rue Desaix &#8211; 75727 Paris cedex 15<\/span><\/em><\/p>\n<p>[\/et_pb_text][\/et_pb_column_inner][\/et_pb_row_inner][\/et_pb_column][et_pb_column type=\u00a0\u00bb1_4&Prime;][et_pb_text admin_label=\u00a0\u00bbD\u00e9partement\u00a0\u00bb background_layout=\u00a0\u00bblight\u00a0\u00bb text_orientation=\u00a0\u00bbleft\u00a0\u00bb use_border_color=\u00a0\u00bboff\u00a0\u00bb border_color=\u00a0\u00bb#ffffff\u00a0\u00bb border_style=\u00a0\u00bbsolid\u00a0\u00bb background_color=\u00a0\u00bb#6c9bc1&Prime; custom_padding=\u00a0\u00bb10px|10px|10px|10px\u00a0\u00bb custom_margin=\u00a0\u00bb||0px|\u00a0\u00bb]<\/p>\n<h1><span style=\"color: #000080; font-size: 14pt;\"><strong>R\u00e9server un test psychotechnique<\/strong><\/span><\/h1>\n<form action=\"http:\/\/citpc.fr\/tests.php\" method=\"get\"><select id=\"id\" class=\"select\" name=\"id\" onchange=\"javascript:submit();\"><option value=\"\">Votre d\u00e9partement<\/option><option value=\"1\">01 &#8211; Ain<\/option><option value=\"2\">02 &#8211; Aisne<\/option><option value=\"3\">03 &#8211; Allier<\/option><option value=\"4\">04 &#8211; Alpes-de-Haute-Provence<\/option><option value=\"5\">05 &#8211; Hautes-Alpes<\/option><option value=\"6\">06 &#8211; Alpes-Maritimes<\/option><option value=\"7\">07 &#8211; Ard\u00e8che<\/option><option value=\"8\">08 &#8211; Ardennes<\/option><option value=\"9\">09 &#8211; Ari\u00e8ge<\/option><option value=\"10\">10 &#8211; Aube<\/option><option value=\"11\">11 &#8211; Aude<\/option><option value=\"12\">12 &#8211; Aveyron<\/option><option value=\"13\">13 &#8211; Bouches-du-Rh\u00f4ne<\/option><option value=\"14\">14 &#8211; Calvados<\/option><option value=\"15\">15 &#8211; Cantal<\/option><option value=\"16\">16 &#8211; Charente<\/option><option value=\"17\">17 &#8211; Charente-Maritime<\/option><option value=\"18\">18 &#8211; Cher<\/option><option value=\"19\">19 &#8211; Corr\u00e8ze<\/option><option value=\"20\">20 &#8211; Corse (2A et 2B)<\/option><option value=\"21\">21 &#8211; C\u00f4te-d&rsquo;Or<\/option><option value=\"22\">22 &#8211; C\u00f4tes-d&rsquo;Armor<\/option><option value=\"23\">23 &#8211; Creuse<\/option><option value=\"24\">24 &#8211; Dordogne<\/option><option value=\"25\">25 &#8211; Doubs<\/option><option value=\"26\">26 &#8211; Dr\u00f4me<\/option><option value=\"27\">27 &#8211; Eure<\/option><option value=\"28\">28 &#8211; Eure-et-Loir<\/option><option value=\"29\">29 &#8211; Finist\u00e8re<\/option><option value=\"30\">30 &#8211; Gard<\/option><option value=\"31\">31 &#8211; Haute-Garonne<\/option><option value=\"32\">32 &#8211; Gers<\/option><option value=\"33\">33 &#8211; Gironde<\/option><option value=\"34\">34 &#8211; H\u00e9rault<\/option><option value=\"35\">35 &#8211; Ille-et-Vilaine<\/option><option value=\"36\">36 &#8211; Indre<\/option><option value=\"37\">37 &#8211; Indre-et-Loire<\/option><option value=\"38\">38 &#8211; Is\u00e8re<\/option><option value=\"39\">39 &#8211; Jura<\/option><option value=\"40\">40 &#8211; Landes<\/option><option value=\"41\">41 &#8211; Loir-et-Cher<\/option><option value=\"42\">42 &#8211; Loire<\/option><option value=\"43\">43 &#8211; Haute-Loire<\/option><option value=\"44\">44 &#8211; Loire-Atlantique<\/option><option value=\"45\">45 &#8211; Loiret<\/option><option value=\"46\">46 &#8211; Lot<\/option><option value=\"47\">47 &#8211; Lot-et-Garonne<\/option><option value=\"48\">48 &#8211; Loz\u00e8re<\/option><option value=\"49\">49 &#8211; Maine-et-Loire<\/option><option value=\"50\">50 &#8211; Manche<\/option><option value=\"51\">51 &#8211; Marne<\/option><option value=\"52\">52 &#8211; Haute-Marne<\/option><option value=\"53\">53 &#8211; Mayenne<\/option><option value=\"54\">54 &#8211; Meurthe-et-Moselle<\/option><option value=\"55\">55 &#8211; Meuse<\/option><option value=\"56\">56 &#8211; Morbihan<\/option><option value=\"57\">57 &#8211; Moselle<\/option><option value=\"58\">58 &#8211; Ni\u00e8vre<\/option><option value=\"59\">59 &#8211; Nord<\/option><option value=\"60\">60 &#8211; Oise<\/option><option value=\"61\">61 &#8211; Orne<\/option><option value=\"62\">62 &#8211; Pas-de-Calais<\/option><option value=\"63\">63 &#8211; Puy-de-D\u00f4me<\/option><option value=\"64\">64 &#8211; Pyr\u00e9n\u00e9es-Atlantiques<\/option><option value=\"65\">65 &#8211; Hautes-Pyr\u00e9n\u00e9es<\/option><option value=\"66\">66 &#8211; Pyr\u00e9n\u00e9es-Orientales<\/option><option value=\"67\">67 &#8211; Bas-Rhin<\/option><option value=\"68\">68 &#8211; Haut-Rhin<\/option><option value=\"69\">69 &#8211; Rh\u00f4ne<\/option><option value=\"70\">70 &#8211; Haute-Sa\u00f4ne<\/option><option value=\"71\">71 &#8211; Sa\u00f4ne-et-Loire<\/option><option value=\"72\">72 &#8211; Sarthe<\/option><option value=\"73\">73 &#8211; Savoie<\/option><option value=\"74\">74 &#8211; Haute-Savoie<\/option><option value=\"75\">75 &#8211; Paris<\/option><option value=\"76\">76 &#8211; Seine-Maritime<\/option><option value=\"77\">77 &#8211; Seine-et-Marne<\/option><option value=\"78\">78 &#8211; Yvelines<\/option><option value=\"79\">79 &#8211; Deux-S\u00e8vres<\/option><option value=\"80\">80 &#8211; Somme<\/option><option value=\"81\">81 &#8211; Tarn<\/option><option value=\"82\">82 &#8211; Tarn-et-Garonne<\/option><option value=\"83\">83 &#8211; Var<\/option><option value=\"84\">84 &#8211; Vaucluse<\/option><option value=\"85\">85 &#8211; Vend\u00e9e<\/option><option value=\"86\">86 &#8211; Vienne<\/option><option value=\"87\">87 &#8211; Haute-Vienne<\/option><option value=\"88\">88 &#8211; Vosges<\/option><option value=\"89\">89 &#8211; Yonne<\/option><option value=\"90\">90 &#8211; Territoire de Belfort<\/option><option value=\"91\">91 &#8211; Essonne<\/option><option value=\"92\">92 &#8211; Hauts-de-Seine<\/option><option value=\"93\">93 &#8211; Seine-Saint-Denis<\/option><option value=\"94\">94 &#8211; Val-de-Marne<\/option><option value=\"95\">95 &#8211; Val-d&rsquo;Oise<\/option><option value=\"96\">97 &#8211; Dom\/Tom<\/option><\/select><\/form>\n<p>[\/et_pb_text][et_pb_text admin_label=\u00a0\u00bbInfos\u00a0\u00bb global_module=\u00a0\u00bb246&Prime; background_layout=\u00a0\u00bblight\u00a0\u00bb text_orientation=\u00a0\u00bbleft\u00a0\u00bb use_border_color=\u00a0\u00bboff\u00a0\u00bb border_color=\u00a0\u00bb#ffffff\u00a0\u00bb border_style=\u00a0\u00bbsolid\u00a0\u00bb custom_padding=\u00a0\u00bb10px|10px|10px|10px\u00a0\u00bb background_color=\u00a0\u00bb#eeeeee\u00a0\u00bb custom_margin=\u00a0\u00bb0px|||\u00a0\u00bb saved_tabs=\u00a0\u00bball\u00a0\u00bb]<\/p>\n<p><span style=\"text-decoration: underline;\"><strong>Infos r\u00e9glementaires<\/strong><\/span><\/p>\n<ul>\n<li><a href=\"http:\/\/citpc.fr\/adeli\/capital-initial\/\">Capital initial<\/a><\/li>\n<li><a href=\"http:\/\/citpc.fr\/adeli\/bareme-des-infractions\/\">Bar\u00e8me des infractions<\/a><\/li>\n<li><a href=\"http:\/\/citpc.fr\/adeli\/les-differentes-lettres\/\">Les diff\u00e9rentes lettres<\/a><\/li>\n<li><a href=\"http:\/\/citpc.fr\/adeli\/permis-probatoire\/\">Permis probatoire<\/a><\/li>\n<li><a href=\"http:\/\/citpc.fr\/adeli\/recuperation-des-points\/\">R\u00e9cup\u00e9ration des points<\/a><\/li>\n<li><a href=\"http:\/\/citpc.fr\/adeli\/types-de-retrait-du-permis\/\">Types de retrait du permis<\/a><\/li>\n<li><a href=\"http:\/\/citpc.fr\/adeli\/tests-psychotechniques\/\">Tests psychotechniques<\/a><\/li>\n<li><a href=\"http:\/\/citpc.fr\/adeli\/visite-medicale\/\">Visite m\u00e9dicale<\/a><\/li>\n<li><a href=\"http:\/\/citpc.fr\/adeli\/conduite-sans-permis\/\">Conduite sans permis<\/a><\/li>\n<li><a href=\"http:\/\/citpc.fr\/adeli\/permis-a-points-et-chiffres\/\">Permis \u00e0 points et chiffres<\/a><\/li>\n<\/ul>\n<p>[\/et_pb_text][\/et_pb_column][\/et_pb_section][et_pb_section admin_label=\u00a0\u00bbSection\u00a0\u00bb global_module=\u00a0\u00bb419&Prime; fullwidth=\u00a0\u00bbon\u00a0\u00bb specialty=\u00a0\u00bboff\u00a0\u00bb transparent_background=\u00a0\u00bboff\u00a0\u00bb background_color=\u00a0\u00bb#ffffff\u00a0\u00bb allow_player_pause=\u00a0\u00bboff\u00a0\u00bb inner_shadow=\u00a0\u00bboff\u00a0\u00bb parallax=\u00a0\u00bboff\u00a0\u00bb parallax_method=\u00a0\u00bboff\u00a0\u00bb padding_mobile=\u00a0\u00bboff\u00a0\u00bb make_fullwidth=\u00a0\u00bboff\u00a0\u00bb use_custom_width=\u00a0\u00bboff\u00a0\u00bb width_unit=\u00a0\u00bbon\u00a0\u00bb make_equal=\u00a0\u00bboff\u00a0\u00bb use_custom_gutter=\u00a0\u00bboff\u00a0\u00bb][et_pb_fullwidth_image global_parent=\u00a0\u00bb419&Prime; admin_label=\u00a0\u00bbPied de page\u00a0\u00bb src=\u00a0\u00bbhttp:\/\/citpc.fr\/adeli\/wp-content\/uploads\/2016\/04\/permis-de-conduire-citpc-1.jpg\u00a0\u00bb show_in_lightbox=\u00a0\u00bboff\u00a0\u00bb url_new_window=\u00a0\u00bboff\u00a0\u00bb use_overlay=\u00a0\u00bboff\u00a0\u00bb animation=\u00a0\u00bboff\u00a0\u00bb use_border_color=\u00a0\u00bboff\u00a0\u00bb border_color=\u00a0\u00bb#ffffff\u00a0\u00bb border_style=\u00a0\u00bbsolid\u00a0\u00bb] [\/et_pb_fullwidth_image][\/et_pb_section]<\/p>\n","protected":false},"excerpt":{"rendered":"<p>[et_pb_section admin_label=\u00a0\u00bbSection\u00a0\u00bb fullwidth=\u00a0\u00bboff\u00a0\u00bb specialty=\u00a0\u00bbon\u00a0\u00bb transparent_background=\u00a0\u00bboff\u00a0\u00bb background_color=\u00a0\u00bb#ffffff\u00a0\u00bb allow_player_pause=\u00a0\u00bboff\u00a0\u00bb inner_shadow=\u00a0\u00bboff\u00a0\u00bb parallax=\u00a0\u00bboff\u00a0\u00bb parallax_method=\u00a0\u00bboff\u00a0\u00bb padding_mobile=\u00a0\u00bboff\u00a0\u00bb make_fullwidth=\u00a0\u00bboff\u00a0\u00bb use_custom_width=\u00a0\u00bboff\u00a0\u00bb width_unit=\u00a0\u00bbon\u00a0\u00bb make_equal=\u00a0\u00bboff\u00a0\u00bb use_custom_gutter=\u00a0\u00bboff\u00a0\u00bb parallax_1=\u00a0\u00bboff\u00a0\u00bb parallax_method_1=\u00a0\u00bboff\u00a0\u00bb parallax_2=\u00a0\u00bboff\u00a0\u00bb parallax_method_2=\u00a0\u00bboff\u00a0\u00bb custom_padding=\u00a0\u00bb20px|||\u00a0\u00bb][et_pb_column type=\u00a0\u00bb3_4&Prime; specialty_columns=\u00a0\u00bb3&Prime;][et_pb_row_inner admin_label=\u00a0\u00bbLigne\u00a0\u00bb][et_pb_column_inner type=\u00a0\u00bb4_4&Prime; saved_specialty_column_type=\u00a0\u00bb3_4&Prime;][et_pb_text admin_label=\u00a0\u00bbTexte\u00a0\u00bb background_layout=\u00a0\u00bblight\u00a0\u00bb text_orientation=\u00a0\u00bbleft\u00a0\u00bb use_border_color=\u00a0\u00bboff\u00a0\u00bb border_color=\u00a0\u00bb#ffffff\u00a0\u00bb border_style=\u00a0\u00bbsolid\u00a0\u00bb] Types de retrait du permis &nbsp; L&rsquo;invalidation\u00a0dans le cas du permis probatoire (6 points) Si vous perdez en une ou plusieurs infraction(s) vos [&hellip;]<\/p>\n","protected":false},"author":2,"featured_media":0,"parent":0,"menu_order":0,"comment_status":"closed","ping_status":"closed","template":"","meta":{"_et_pb_use_builder":"on","_et_pb_old_content":"","_et_gb_content_width":""},"_links":{"self":[{"href":"http:\/\/citpc.fr\/adeli\/wp-json\/wp\/v2\/pages\/206"}],"collection":[{"href":"http:\/\/citpc.fr\/adeli\/wp-json\/wp\/v2\/pages"}],"about":[{"href":"http:\/\/citpc.fr\/adeli\/wp-json\/wp\/v2\/types\/page"}],"author":[{"embeddable":true,"href":"http:\/\/citpc.fr\/adeli\/wp-json\/wp\/v2\/users\/2"}],"replies":[{"embeddable":true,"href":"http:\/\/citpc.fr\/adeli\/wp-json\/wp\/v2\/comments?post=206"}],"version-history":[{"count":9,"href":"http:\/\/citpc.fr\/adeli\/wp-json\/wp\/v2\/pages\/206\/revisions"}],"predecessor-version":[{"id":546,"href":"http:\/\/citpc.fr\/adeli\/wp-json\/wp\/v2\/pages\/206\/revisions\/546"}],"wp:attachment":[{"href":"http:\/\/citpc.fr\/adeli\/wp-json\/wp\/v2\/media?parent=206"}],"curies":[{"name":"wp","href":"https:\/\/api.w.org\/{rel}","templated":true}]}}