{"id":208,"date":"2016-04-24T23:27:23","date_gmt":"2016-04-24T21:27:23","guid":{"rendered":"http:\/\/citpc.fr\/adeli\/?page_id=208"},"modified":"2016-07-02T14:04:08","modified_gmt":"2016-07-02T12:04:08","slug":"tests-psychotechniques","status":"publish","type":"page","link":"http:\/\/citpc.fr\/adeli\/tests-psychotechniques\/","title":{"rendered":"Tests psychotechniques"},"content":{"rendered":"<p>[et_pb_section admin_label=\u00a0\u00bbSection\u00a0\u00bb fullwidth=\u00a0\u00bboff\u00a0\u00bb specialty=\u00a0\u00bbon\u00a0\u00bb transparent_background=\u00a0\u00bboff\u00a0\u00bb background_color=\u00a0\u00bb#ffffff\u00a0\u00bb allow_player_pause=\u00a0\u00bboff\u00a0\u00bb inner_shadow=\u00a0\u00bboff\u00a0\u00bb parallax=\u00a0\u00bboff\u00a0\u00bb parallax_method=\u00a0\u00bboff\u00a0\u00bb padding_mobile=\u00a0\u00bboff\u00a0\u00bb make_fullwidth=\u00a0\u00bboff\u00a0\u00bb use_custom_width=\u00a0\u00bboff\u00a0\u00bb width_unit=\u00a0\u00bbon\u00a0\u00bb make_equal=\u00a0\u00bboff\u00a0\u00bb use_custom_gutter=\u00a0\u00bboff\u00a0\u00bb parallax_1=\u00a0\u00bboff\u00a0\u00bb parallax_method_1=\u00a0\u00bboff\u00a0\u00bb parallax_2=\u00a0\u00bboff\u00a0\u00bb parallax_method_2=\u00a0\u00bboff\u00a0\u00bb custom_padding=\u00a0\u00bb20px|||\u00a0\u00bb][et_pb_column type=\u00a0\u00bb3_4&Prime; specialty_columns=\u00a0\u00bb3&Prime;][et_pb_row_inner admin_label=\u00a0\u00bbLigne\u00a0\u00bb][et_pb_column_inner type=\u00a0\u00bb4_4&Prime; saved_specialty_column_type=\u00a0\u00bb3_4&Prime;][et_pb_text admin_label=\u00a0\u00bbTexte\u00a0\u00bb background_layout=\u00a0\u00bblight\u00a0\u00bb text_orientation=\u00a0\u00bbleft\u00a0\u00bb use_border_color=\u00a0\u00bboff\u00a0\u00bb border_color=\u00a0\u00bb#ffffff\u00a0\u00bb border_style=\u00a0\u00bbsolid\u00a0\u00bb]<\/p>\n<h1>Tests psychotechniques<\/h1>\n<p>&nbsp;<\/p>\n<h2>A qui sont destin\u00e9s les tests ?<\/h2>\n<ul>\n<li>Conducteurs dont le permis a \u00e9t\u00e9 <a title=\"Annulation\/Invalidation\" href=\"http:\/\/citpc.fr\/adeli\/types-de-retrait-du-permis\/\">invalid\u00e9<\/a> (solde nul)<\/li>\n<li>Conducteurs dont le permis a \u00e9t\u00e9 <a title=\"Annulation\/Invalidation\" href=\"http:\/\/citpc.fr\/adeli\/annulation-du-permis\/\">annul\u00e9<\/a> et qui souhaitent faire la demande d\u2019un nouveau permis<\/li>\n<li>Conducteurs dont le permis a \u00e9t\u00e9 suspendu pour une dur\u00e9e de six mois ou plus<\/li>\n<li>Conducteurs territoriaux de v\u00e9hicules<\/li>\n<li>Conducteurs d\u2019automobiles et d\u2019ambulances de la Fonction Publique Hospitali\u00e8re<\/li>\n<li>Conducteurs sp\u00e9cialis\u00e9s de la Formation Publique d\u2019Etat<\/li>\n<li>Conducteurs de marchandises et\/ou voyageurs pour les entreprises qui investissent dans la pr\u00e9vention des accidents<\/li>\n<\/ul>\n<h2>Objectif de l\u2019examen psychotechnique<\/h2>\n<p>Les tests psychotechniques servent \u00e0 \u00e9valuer vos aptitudes \u00e0 la conduite d\u2019un v\u00e9hicule. Ils ont pour objectif de d\u00e9celer des d\u00e9faillances au niveau de vos capacit\u00e9s mentales susceptibles d\u2019engendrer des comportements accidentog\u00e8nes sur la route. Leur but est donc de pr\u00e9venir les accidents et de prot\u00e9ger ainsi le conducteur et les autres usagers. Aucune connaissance informatique, ni aucune connaissance de la langue fran\u00e7aise ne sont requises.<\/p>\n<h2>Descriptif de l\u2019examen psychotechnique<\/h2>\n<p>L&rsquo;examen a une dur\u00e9e moyenne d&rsquo;une heure. Le programme varie d&rsquo;un centre \u00e0 l&rsquo;autre mais est g\u00e9n\u00e9ralement compos\u00e9 d\u2019un d&rsquo;entretien avec un psychologue sp\u00e9cialis\u00e9e en s\u00e9curit\u00e9 routi\u00e8re, puis d\u2019une passation de tests sp\u00e9cifiques aux conducteurs. Certains tests sont r\u00e9alis\u00e9s avec des supports informatiques.<\/p>\n<p>Globalement, ils \u00e9valuent :<\/p>\n<ul>\n<li>les capacit\u00e9s motrices (temps de r\u00e9action \u00e0 des stimuli visuels et\/ou auditifs)<\/li>\n<li>les aptitudes d\u2019attention et de concentration (r\u00e9sistance \u00e0 l\u2019ennui ou s\u00e9lection d\u2019informations pertinentes dans un flot de stimuli)<\/li>\n<li>les aptitudes de raisonnement logique (anticipation du mouvement dans l&rsquo;espace)<\/li>\n<li>les facteurs de personnalit\u00e9 (tol\u00e9rance au stress et \u00e0 la frustration, agressivit\u00e9&#8230;).<\/li>\n<\/ul>\n<p>Le taux de r\u00e9ussite \u00e0 l&rsquo;examen psychotechnique est g\u00e9n\u00e9ralement \u00e9lev\u00e9 (95%). En effet, s&rsquo;il est r\u00e9alis\u00e9 s\u00e9rieusement par le conducteur et que ce dernier ne fait pas l\u2019objet de souci important (alcoolo-d\u00e9pendance, usage r\u00e9gulier de stup\u00e9fiants, d\u00e9g\u00e9n\u00e9rescence neurologique li\u00e9e \u00e0 une maladie&#8230;) l&rsquo;examen est r\u00e9ussi.<\/p>\n<p>Que ce soit au sujet des tests psychotechniques ou bien de l\u2019entretien, le psychologue se doit de respecter le secret professionnel (Code de D\u00e9ontologie des Psychologues).<\/p>\n<p>Les r\u00e9sultats d\u2019aptitude ou d\u2019inaptitude sont ensuite transmis par le centre d\u2019examens psychotechniques \u00e0 la commission m\u00e9dicale de la Pr\u00e9fecture qui transmettra au conducteur un avis d\u00e9finitif d\u2019aptitude m\u00e9dical si aucune contre-indication n\u2019a \u00e9t\u00e9 d\u00e9cel\u00e9e. Certains centres envoient directement au conducteur son compte-rendu d\u2019examen psychotechnique. Dans ce dernier cas, le conducteur devra alors l&rsquo;apporter le jour de la <a title=\"Visite m\u00e9dicale\" href=\"http:\/\/citpc.fr\/adeli\/visite-medicale\/\">visite m\u00e9dicale<\/a>. Il est alors possible de r\u00e9cup\u00e9rer son permis de conduire en Pr\u00e9fecture (si les examens de l\u2019\u00e9preuve th\u00e9orique g\u00e9n\u00e9rale, et de la pratique le cas \u00e9ch\u00e9ant, sont r\u00e9ussis) le premier jour du septi\u00e8me mois.<\/p>\n<p>A noter que depuis le 1er mars 2004, tout nouveau permis d\u00e9livr\u00e9 est un permis probatoire au capital initial de 6 points.<\/p>\n<p>En cas d\u2019inaptitude, il vous est possible de faire appel de la d\u00e9cision de la commission m\u00e9dicale ou bien de <a title=\"D\u00e9roulement du test\" href=\"http:\/\/citpc.fr\/adeli\/deroulement-du-test\/\">repasser les tests psychotechniques<\/a>.<\/p>\n<p>[\/et_pb_text][et_pb_text admin_label=\u00a0\u00bbAvertissement\u00a0\u00bb global_module=\u00a0\u00bb387&Prime; background_layout=\u00a0\u00bblight\u00a0\u00bb text_orientation=\u00a0\u00bbleft\u00a0\u00bb use_border_color=\u00a0\u00bboff\u00a0\u00bb border_color=\u00a0\u00bb#ffffff\u00a0\u00bb border_style=\u00a0\u00bbsolid\u00a0\u00bb background_color=\u00a0\u00bb#eeeeee\u00a0\u00bb custom_padding=\u00a0\u00bb10px|10px|10px|10px\u00a0\u00bb saved_tabs=\u00a0\u00bball\u00a0\u00bb]<\/p>\n<p><em><span style=\"font-size: 8pt; color: #3366ff;\">Les informations publi\u00e9es sur notre site <strong><span style=\"text-decoration: underline; color: #000080;\">citpc.fr<\/span><\/strong> sont non contractuelles et sujettes \u00e0 modification sans pr\u00e9avis.\u00a0Les publications peuvent \u00eatre incompl\u00e8tes ou comporter des erreurs lors de leur consultation en fonction des \u00e9ventuelles modifications de la l\u00e9gislation en vigueur ou des \u00e9ventuelles erreurs de transcription. Seules font foi les publications du Journal Officiel de la R\u00e9publique Fran\u00e7aise.\u00a0Les textes officiels sont accessibles sur le site de Legifrance.\u00a0Direction des Journaux Officiels &#8211; 26, rue Desaix &#8211; 75727 Paris cedex 15<\/span><\/em><\/p>\n<p>[\/et_pb_text][\/et_pb_column_inner][\/et_pb_row_inner][\/et_pb_column][et_pb_column type=\u00a0\u00bb1_4&Prime;][et_pb_text admin_label=\u00a0\u00bbD\u00e9partement\u00a0\u00bb background_layout=\u00a0\u00bblight\u00a0\u00bb text_orientation=\u00a0\u00bbleft\u00a0\u00bb use_border_color=\u00a0\u00bboff\u00a0\u00bb border_color=\u00a0\u00bb#ffffff\u00a0\u00bb border_style=\u00a0\u00bbsolid\u00a0\u00bb background_color=\u00a0\u00bb#6c9bc1&Prime; custom_padding=\u00a0\u00bb10px|10px|10px|10px\u00a0\u00bb custom_margin=\u00a0\u00bb||0px|\u00a0\u00bb]<\/p>\n<h1><span style=\"color: #000080; font-size: 14pt;\"><strong>R\u00e9server un test psychotechnique<\/strong><\/span><\/h1>\n<form action=\"http:\/\/citpc.fr\/tests.php\" method=\"get\"><select id=\"id\" class=\"select\" name=\"id\" onchange=\"javascript:submit();\"><option value=\"\">Votre d\u00e9partement<\/option><option value=\"1\">01 &#8211; Ain<\/option><option value=\"2\">02 &#8211; Aisne<\/option><option value=\"3\">03 &#8211; Allier<\/option><option value=\"4\">04 &#8211; Alpes-de-Haute-Provence<\/option><option value=\"5\">05 &#8211; Hautes-Alpes<\/option><option value=\"6\">06 &#8211; Alpes-Maritimes<\/option><option value=\"7\">07 &#8211; Ard\u00e8che<\/option><option value=\"8\">08 &#8211; Ardennes<\/option><option value=\"9\">09 &#8211; Ari\u00e8ge<\/option><option value=\"10\">10 &#8211; Aube<\/option><option value=\"11\">11 &#8211; Aude<\/option><option value=\"12\">12 &#8211; Aveyron<\/option><option value=\"13\">13 &#8211; Bouches-du-Rh\u00f4ne<\/option><option value=\"14\">14 &#8211; Calvados<\/option><option value=\"15\">15 &#8211; Cantal<\/option><option value=\"16\">16 &#8211; Charente<\/option><option value=\"17\">17 &#8211; Charente-Maritime<\/option><option value=\"18\">18 &#8211; Cher<\/option><option value=\"19\">19 &#8211; Corr\u00e8ze<\/option><option value=\"20\">20 &#8211; Corse (2A et 2B)<\/option><option value=\"21\">21 &#8211; C\u00f4te-d&rsquo;Or<\/option><option value=\"22\">22 &#8211; C\u00f4tes-d&rsquo;Armor<\/option><option value=\"23\">23 &#8211; Creuse<\/option><option value=\"24\">24 &#8211; Dordogne<\/option><option value=\"25\">25 &#8211; Doubs<\/option><option value=\"26\">26 &#8211; Dr\u00f4me<\/option><option value=\"27\">27 &#8211; Eure<\/option><option value=\"28\">28 &#8211; Eure-et-Loir<\/option><option value=\"29\">29 &#8211; Finist\u00e8re<\/option><option value=\"30\">30 &#8211; Gard<\/option><option value=\"31\">31 &#8211; Haute-Garonne<\/option><option value=\"32\">32 &#8211; Gers<\/option><option value=\"33\">33 &#8211; Gironde<\/option><option value=\"34\">34 &#8211; H\u00e9rault<\/option><option value=\"35\">35 &#8211; Ille-et-Vilaine<\/option><option value=\"36\">36 &#8211; Indre<\/option><option value=\"37\">37 &#8211; Indre-et-Loire<\/option><option value=\"38\">38 &#8211; Is\u00e8re<\/option><option value=\"39\">39 &#8211; Jura<\/option><option value=\"40\">40 &#8211; Landes<\/option><option value=\"41\">41 &#8211; Loir-et-Cher<\/option><option value=\"42\">42 &#8211; Loire<\/option><option value=\"43\">43 &#8211; Haute-Loire<\/option><option value=\"44\">44 &#8211; Loire-Atlantique<\/option><option value=\"45\">45 &#8211; Loiret<\/option><option value=\"46\">46 &#8211; Lot<\/option><option value=\"47\">47 &#8211; Lot-et-Garonne<\/option><option value=\"48\">48 &#8211; Loz\u00e8re<\/option><option value=\"49\">49 &#8211; Maine-et-Loire<\/option><option value=\"50\">50 &#8211; Manche<\/option><option value=\"51\">51 &#8211; Marne<\/option><option value=\"52\">52 &#8211; Haute-Marne<\/option><option value=\"53\">53 &#8211; Mayenne<\/option><option value=\"54\">54 &#8211; Meurthe-et-Moselle<\/option><option value=\"55\">55 &#8211; Meuse<\/option><option value=\"56\">56 &#8211; Morbihan<\/option><option value=\"57\">57 &#8211; Moselle<\/option><option value=\"58\">58 &#8211; Ni\u00e8vre<\/option><option value=\"59\">59 &#8211; Nord<\/option><option value=\"60\">60 &#8211; Oise<\/option><option value=\"61\">61 &#8211; Orne<\/option><option value=\"62\">62 &#8211; Pas-de-Calais<\/option><option value=\"63\">63 &#8211; Puy-de-D\u00f4me<\/option><option value=\"64\">64 &#8211; Pyr\u00e9n\u00e9es-Atlantiques<\/option><option value=\"65\">65 &#8211; Hautes-Pyr\u00e9n\u00e9es<\/option><option value=\"66\">66 &#8211; Pyr\u00e9n\u00e9es-Orientales<\/option><option value=\"67\">67 &#8211; Bas-Rhin<\/option><option value=\"68\">68 &#8211; Haut-Rhin<\/option><option value=\"69\">69 &#8211; Rh\u00f4ne<\/option><option value=\"70\">70 &#8211; Haute-Sa\u00f4ne<\/option><option value=\"71\">71 &#8211; Sa\u00f4ne-et-Loire<\/option><option value=\"72\">72 &#8211; Sarthe<\/option><option value=\"73\">73 &#8211; Savoie<\/option><option value=\"74\">74 &#8211; Haute-Savoie<\/option><option value=\"75\">75 &#8211; Paris<\/option><option value=\"76\">76 &#8211; Seine-Maritime<\/option><option value=\"77\">77 &#8211; Seine-et-Marne<\/option><option value=\"78\">78 &#8211; Yvelines<\/option><option value=\"79\">79 &#8211; Deux-S\u00e8vres<\/option><option value=\"80\">80 &#8211; Somme<\/option><option value=\"81\">81 &#8211; Tarn<\/option><option value=\"82\">82 &#8211; Tarn-et-Garonne<\/option><option value=\"83\">83 &#8211; Var<\/option><option value=\"84\">84 &#8211; Vaucluse<\/option><option value=\"85\">85 &#8211; Vend\u00e9e<\/option><option value=\"86\">86 &#8211; Vienne<\/option><option value=\"87\">87 &#8211; Haute-Vienne<\/option><option value=\"88\">88 &#8211; Vosges<\/option><option value=\"89\">89 &#8211; Yonne<\/option><option value=\"90\">90 &#8211; Territoire de Belfort<\/option><option value=\"91\">91 &#8211; Essonne<\/option><option value=\"92\">92 &#8211; Hauts-de-Seine<\/option><option value=\"93\">93 &#8211; Seine-Saint-Denis<\/option><option value=\"94\">94 &#8211; Val-de-Marne<\/option><option value=\"95\">95 &#8211; Val-d&rsquo;Oise<\/option><option value=\"96\">97 &#8211; Dom\/Tom<\/option><\/select><\/form>\n<p>[\/et_pb_text][et_pb_text admin_label=\u00a0\u00bbInfos\u00a0\u00bb global_module=\u00a0\u00bb246&Prime; background_layout=\u00a0\u00bblight\u00a0\u00bb text_orientation=\u00a0\u00bbleft\u00a0\u00bb use_border_color=\u00a0\u00bboff\u00a0\u00bb border_color=\u00a0\u00bb#ffffff\u00a0\u00bb border_style=\u00a0\u00bbsolid\u00a0\u00bb custom_padding=\u00a0\u00bb10px|10px|10px|10px\u00a0\u00bb background_color=\u00a0\u00bb#eeeeee\u00a0\u00bb custom_margin=\u00a0\u00bb0px|||\u00a0\u00bb saved_tabs=\u00a0\u00bball\u00a0\u00bb]<\/p>\n<p><span style=\"text-decoration: underline;\"><strong>Infos r\u00e9glementaires<\/strong><\/span><\/p>\n<ul>\n<li><a href=\"http:\/\/citpc.fr\/adeli\/capital-initial\/\">Capital initial<\/a><\/li>\n<li><a href=\"http:\/\/citpc.fr\/adeli\/bareme-des-infractions\/\">Bar\u00e8me des infractions<\/a><\/li>\n<li><a href=\"http:\/\/citpc.fr\/adeli\/les-differentes-lettres\/\">Les diff\u00e9rentes lettres<\/a><\/li>\n<li><a href=\"http:\/\/citpc.fr\/adeli\/permis-probatoire\/\">Permis probatoire<\/a><\/li>\n<li><a href=\"http:\/\/citpc.fr\/adeli\/recuperation-des-points\/\">R\u00e9cup\u00e9ration des points<\/a><\/li>\n<li><a href=\"http:\/\/citpc.fr\/adeli\/types-de-retrait-du-permis\/\">Types de retrait du permis<\/a><\/li>\n<li><a href=\"http:\/\/citpc.fr\/adeli\/tests-psychotechniques\/\">Tests psychotechniques<\/a><\/li>\n<li><a href=\"http:\/\/citpc.fr\/adeli\/visite-medicale\/\">Visite m\u00e9dicale<\/a><\/li>\n<li><a href=\"http:\/\/citpc.fr\/adeli\/conduite-sans-permis\/\">Conduite sans permis<\/a><\/li>\n<li><a href=\"http:\/\/citpc.fr\/adeli\/permis-a-points-et-chiffres\/\">Permis \u00e0 points et chiffres<\/a><\/li>\n<\/ul>\n<p>[\/et_pb_text][\/et_pb_column][\/et_pb_section][et_pb_section admin_label=\u00a0\u00bbSection\u00a0\u00bb global_module=\u00a0\u00bb419&Prime; fullwidth=\u00a0\u00bbon\u00a0\u00bb specialty=\u00a0\u00bboff\u00a0\u00bb transparent_background=\u00a0\u00bboff\u00a0\u00bb background_color=\u00a0\u00bb#ffffff\u00a0\u00bb allow_player_pause=\u00a0\u00bboff\u00a0\u00bb inner_shadow=\u00a0\u00bboff\u00a0\u00bb parallax=\u00a0\u00bboff\u00a0\u00bb parallax_method=\u00a0\u00bboff\u00a0\u00bb padding_mobile=\u00a0\u00bboff\u00a0\u00bb make_fullwidth=\u00a0\u00bboff\u00a0\u00bb use_custom_width=\u00a0\u00bboff\u00a0\u00bb width_unit=\u00a0\u00bbon\u00a0\u00bb make_equal=\u00a0\u00bboff\u00a0\u00bb use_custom_gutter=\u00a0\u00bboff\u00a0\u00bb][et_pb_fullwidth_image global_parent=\u00a0\u00bb419&Prime; admin_label=\u00a0\u00bbPied de page\u00a0\u00bb src=\u00a0\u00bbhttp:\/\/citpc.fr\/adeli\/wp-content\/uploads\/2016\/04\/permis-de-conduire-citpc-1.jpg\u00a0\u00bb show_in_lightbox=\u00a0\u00bboff\u00a0\u00bb url_new_window=\u00a0\u00bboff\u00a0\u00bb use_overlay=\u00a0\u00bboff\u00a0\u00bb animation=\u00a0\u00bboff\u00a0\u00bb use_border_color=\u00a0\u00bboff\u00a0\u00bb border_color=\u00a0\u00bb#ffffff\u00a0\u00bb border_style=\u00a0\u00bbsolid\u00a0\u00bb] [\/et_pb_fullwidth_image][\/et_pb_section]<\/p>\n","protected":false},"excerpt":{"rendered":"<p>[et_pb_section admin_label=\u00a0\u00bbSection\u00a0\u00bb fullwidth=\u00a0\u00bboff\u00a0\u00bb specialty=\u00a0\u00bbon\u00a0\u00bb transparent_background=\u00a0\u00bboff\u00a0\u00bb background_color=\u00a0\u00bb#ffffff\u00a0\u00bb allow_player_pause=\u00a0\u00bboff\u00a0\u00bb inner_shadow=\u00a0\u00bboff\u00a0\u00bb parallax=\u00a0\u00bboff\u00a0\u00bb parallax_method=\u00a0\u00bboff\u00a0\u00bb padding_mobile=\u00a0\u00bboff\u00a0\u00bb make_fullwidth=\u00a0\u00bboff\u00a0\u00bb use_custom_width=\u00a0\u00bboff\u00a0\u00bb width_unit=\u00a0\u00bbon\u00a0\u00bb make_equal=\u00a0\u00bboff\u00a0\u00bb use_custom_gutter=\u00a0\u00bboff\u00a0\u00bb parallax_1=\u00a0\u00bboff\u00a0\u00bb parallax_method_1=\u00a0\u00bboff\u00a0\u00bb parallax_2=\u00a0\u00bboff\u00a0\u00bb parallax_method_2=\u00a0\u00bboff\u00a0\u00bb custom_padding=\u00a0\u00bb20px|||\u00a0\u00bb][et_pb_column type=\u00a0\u00bb3_4&Prime; specialty_columns=\u00a0\u00bb3&Prime;][et_pb_row_inner admin_label=\u00a0\u00bbLigne\u00a0\u00bb][et_pb_column_inner type=\u00a0\u00bb4_4&Prime; saved_specialty_column_type=\u00a0\u00bb3_4&Prime;][et_pb_text admin_label=\u00a0\u00bbTexte\u00a0\u00bb background_layout=\u00a0\u00bblight\u00a0\u00bb text_orientation=\u00a0\u00bbleft\u00a0\u00bb use_border_color=\u00a0\u00bboff\u00a0\u00bb border_color=\u00a0\u00bb#ffffff\u00a0\u00bb border_style=\u00a0\u00bbsolid\u00a0\u00bb] Tests psychotechniques &nbsp; A qui sont destin\u00e9s les tests ? Conducteurs dont le permis a \u00e9t\u00e9 invalid\u00e9 (solde nul) Conducteurs dont le permis [&hellip;]<\/p>\n","protected":false},"author":2,"featured_media":0,"parent":0,"menu_order":0,"comment_status":"closed","ping_status":"closed","template":"","meta":{"_et_pb_use_builder":"on","_et_pb_old_content":"","_et_gb_content_width":""},"_links":{"self":[{"href":"http:\/\/citpc.fr\/adeli\/wp-json\/wp\/v2\/pages\/208"}],"collection":[{"href":"http:\/\/citpc.fr\/adeli\/wp-json\/wp\/v2\/pages"}],"about":[{"href":"http:\/\/citpc.fr\/adeli\/wp-json\/wp\/v2\/types\/page"}],"author":[{"embeddable":true,"href":"http:\/\/citpc.fr\/adeli\/wp-json\/wp\/v2\/users\/2"}],"replies":[{"embeddable":true,"href":"http:\/\/citpc.fr\/adeli\/wp-json\/wp\/v2\/comments?post=208"}],"version-history":[{"count":9,"href":"http:\/\/citpc.fr\/adeli\/wp-json\/wp\/v2\/pages\/208\/revisions"}],"predecessor-version":[{"id":458,"href":"http:\/\/citpc.fr\/adeli\/wp-json\/wp\/v2\/pages\/208\/revisions\/458"}],"wp:attachment":[{"href":"http:\/\/citpc.fr\/adeli\/wp-json\/wp\/v2\/media?parent=208"}],"curies":[{"name":"wp","href":"https:\/\/api.w.org\/{rel}","templated":true}]}}