{"id":210,"date":"2016-04-24T23:28:07","date_gmt":"2016-04-24T21:28:07","guid":{"rendered":"http:\/\/citpc.fr\/adeli\/?page_id=210"},"modified":"2016-07-05T23:00:33","modified_gmt":"2016-07-05T21:00:33","slug":"visite-medicale","status":"publish","type":"page","link":"http:\/\/citpc.fr\/adeli\/visite-medicale\/","title":{"rendered":"Visite m\u00e9dicale"},"content":{"rendered":"<p>[et_pb_section admin_label=\u00a0\u00bbSection\u00a0\u00bb fullwidth=\u00a0\u00bboff\u00a0\u00bb specialty=\u00a0\u00bbon\u00a0\u00bb transparent_background=\u00a0\u00bboff\u00a0\u00bb background_color=\u00a0\u00bb#ffffff\u00a0\u00bb allow_player_pause=\u00a0\u00bboff\u00a0\u00bb inner_shadow=\u00a0\u00bboff\u00a0\u00bb parallax=\u00a0\u00bboff\u00a0\u00bb parallax_method=\u00a0\u00bboff\u00a0\u00bb padding_mobile=\u00a0\u00bboff\u00a0\u00bb make_fullwidth=\u00a0\u00bboff\u00a0\u00bb use_custom_width=\u00a0\u00bboff\u00a0\u00bb width_unit=\u00a0\u00bbon\u00a0\u00bb make_equal=\u00a0\u00bboff\u00a0\u00bb use_custom_gutter=\u00a0\u00bboff\u00a0\u00bb parallax_1=\u00a0\u00bboff\u00a0\u00bb parallax_method_1=\u00a0\u00bboff\u00a0\u00bb parallax_2=\u00a0\u00bboff\u00a0\u00bb parallax_method_2=\u00a0\u00bboff\u00a0\u00bb custom_padding=\u00a0\u00bb20px|||\u00a0\u00bb][et_pb_column type=\u00a0\u00bb3_4&Prime; specialty_columns=\u00a0\u00bb3&Prime;][et_pb_row_inner admin_label=\u00a0\u00bbLigne\u00a0\u00bb][et_pb_column_inner type=\u00a0\u00bb4_4&Prime; saved_specialty_column_type=\u00a0\u00bb3_4&Prime;][et_pb_text admin_label=\u00a0\u00bbTexte\u00a0\u00bb background_layout=\u00a0\u00bblight\u00a0\u00bb text_orientation=\u00a0\u00bbleft\u00a0\u00bb use_border_color=\u00a0\u00bboff\u00a0\u00bb border_color=\u00a0\u00bb#ffffff\u00a0\u00bb border_style=\u00a0\u00bbsolid\u00a0\u00bb]<\/p>\n<h1><span style=\"text-decoration: underline; color: #000080;\"><strong>Visite m\u00e9dicale<\/strong><\/span><\/h1>\n<p>Lors d&rsquo;une <a title=\"Annulation\/Invalidation\" href=\"http:\/\/citpc.fr\/adeli\/annulation-du-permis\/\">annulation, d&rsquo;une invalidation<\/a> ou <a title=\"Suspension\" href=\"http:\/\/citpc.fr\/adeli\/suspension-du-permis\/\">d&rsquo;une suspension<\/a> du permis de conduire, vous devez passer une <a title=\"Visite m\u00e9dicale\" href=\"http:\/\/www.citpc.fr\/visiteMedicale.php\">visite m\u00e9dicale<\/a> et un <a title=\"Examen psychotechnique\" href=\"http:\/\/citpc.fr\/adeli\/\">examen psychotechnique<\/a> en vue de retrouver votre permis.<\/p>\n<p>La visite m\u00e9dicale ne peut pas se faire aupr\u00e8s de son m\u00e9decin g\u00e9n\u00e9raliste habituel.<\/p>\n<p>Le contr\u00f4le m\u00e9dical de l\u2019aptitude \u00e0 la conduite a \u00e9t\u00e9 profond\u00e9ment r\u00e9form\u00e9 par le d\u00e9cret du 17 juillet et l\u2019arr\u00eat\u00e9 minist\u00e9riel du 31 juillet 2012. D\u00e9sormais, seuls les conducteurs responsables d\u2019une infraction li\u00e9e \u00e0 l\u2019usage d\u2019alcool ou de stup\u00e9fiants ayant entra\u00een\u00e9 une suspension, une annulation ou une invalidation de leur permis de conduire, doivent se pr\u00e9senter devant la commission m\u00e9dicale primaire des permis de conduire relevant des services pr\u00e9fectoraux. Elle se compose de 2 m\u00e9decins g\u00e9n\u00e9ralistes qui s&rsquo;assurent que le conducteur n&rsquo;est atteint d&rsquo;aucune maladie incompatible avec la d\u00e9livrance du permis de conduire.<\/p>\n<p>Dans tous les autres cas, les usagers doivent s\u2019adresser \u00e0 l\u2019un des m\u00e9decins agr\u00e9\u00e9s par le Pr\u00e9fet consultant hors commission afin de remplir leur obligation de visite m\u00e9dicale. La liste des m\u00e9decins agr\u00e9\u00e9s est disponible en Pr\u00e9fecture ou sur internet.<\/p>\n<p>Cet examen dure en moyenne un quart d\u2019heure.<\/p>\n<p>Nous conseillons aux usagers de prendre rendez-vous rapidement car les d\u00e9lais peuvent \u00eatre assez longs.<\/p>\n<p>Le co\u00fbt de cet examen m\u00e9dical est \u00e0 la charge de l&rsquo;usager et avoisine les 33 euros.<\/p>\n<p>[\/et_pb_text][et_pb_text admin_label=\u00a0\u00bbAvertissement\u00a0\u00bb global_module=\u00a0\u00bb387&Prime; background_layout=\u00a0\u00bblight\u00a0\u00bb text_orientation=\u00a0\u00bbleft\u00a0\u00bb use_border_color=\u00a0\u00bboff\u00a0\u00bb border_color=\u00a0\u00bb#ffffff\u00a0\u00bb border_style=\u00a0\u00bbsolid\u00a0\u00bb background_color=\u00a0\u00bb#eeeeee\u00a0\u00bb custom_padding=\u00a0\u00bb10px|10px|10px|10px\u00a0\u00bb saved_tabs=\u00a0\u00bball\u00a0\u00bb]<\/p>\n<p><em><span style=\"font-size: 8pt; color: #3366ff;\">Les informations publi\u00e9es sur notre site <strong><span style=\"text-decoration: underline; color: #000080;\">citpc.fr<\/span><\/strong> sont non contractuelles et sujettes \u00e0 modification sans pr\u00e9avis.\u00a0Les publications peuvent \u00eatre incompl\u00e8tes ou comporter des erreurs lors de leur consultation en fonction des \u00e9ventuelles modifications de la l\u00e9gislation en vigueur ou des \u00e9ventuelles erreurs de transcription. Seules font foi les publications du Journal Officiel de la R\u00e9publique Fran\u00e7aise.\u00a0Les textes officiels sont accessibles sur le site de Legifrance.\u00a0Direction des Journaux Officiels &#8211; 26, rue Desaix &#8211; 75727 Paris cedex 15<\/span><\/em><\/p>\n<p>[\/et_pb_text][\/et_pb_column_inner][\/et_pb_row_inner][\/et_pb_column][et_pb_column type=\u00a0\u00bb1_4&Prime;][et_pb_text admin_label=\u00a0\u00bbD\u00e9partement\u00a0\u00bb background_layout=\u00a0\u00bblight\u00a0\u00bb text_orientation=\u00a0\u00bbleft\u00a0\u00bb use_border_color=\u00a0\u00bboff\u00a0\u00bb border_color=\u00a0\u00bb#ffffff\u00a0\u00bb border_style=\u00a0\u00bbsolid\u00a0\u00bb background_color=\u00a0\u00bb#6c9bc1&Prime; custom_padding=\u00a0\u00bb10px|10px|10px|10px\u00a0\u00bb custom_margin=\u00a0\u00bb||0px|\u00a0\u00bb]<\/p>\n<h1><span style=\"color: #000080; font-size: 14pt;\"><strong>R\u00e9server un test psychotechnique<\/strong><\/span><\/h1>\n<form action=\"http:\/\/citpc.fr\/tests.php\" method=\"get\"><select id=\"id\" class=\"select\" name=\"id\" onchange=\"javascript:submit();\"><option value=\"\">Votre d\u00e9partement<\/option><option value=\"1\">01 &#8211; Ain<\/option><option value=\"2\">02 &#8211; Aisne<\/option><option value=\"3\">03 &#8211; Allier<\/option><option value=\"4\">04 &#8211; Alpes-de-Haute-Provence<\/option><option value=\"5\">05 &#8211; Hautes-Alpes<\/option><option value=\"6\">06 &#8211; Alpes-Maritimes<\/option><option value=\"7\">07 &#8211; Ard\u00e8che<\/option><option value=\"8\">08 &#8211; Ardennes<\/option><option value=\"9\">09 &#8211; Ari\u00e8ge<\/option><option value=\"10\">10 &#8211; Aube<\/option><option value=\"11\">11 &#8211; Aude<\/option><option value=\"12\">12 &#8211; Aveyron<\/option><option value=\"13\">13 &#8211; Bouches-du-Rh\u00f4ne<\/option><option value=\"14\">14 &#8211; Calvados<\/option><option value=\"15\">15 &#8211; Cantal<\/option><option value=\"16\">16 &#8211; Charente<\/option><option value=\"17\">17 &#8211; Charente-Maritime<\/option><option value=\"18\">18 &#8211; Cher<\/option><option value=\"19\">19 &#8211; Corr\u00e8ze<\/option><option value=\"20\">20 &#8211; Corse (2A et 2B)<\/option><option value=\"21\">21 &#8211; C\u00f4te-d&rsquo;Or<\/option><option value=\"22\">22 &#8211; C\u00f4tes-d&rsquo;Armor<\/option><option value=\"23\">23 &#8211; Creuse<\/option><option value=\"24\">24 &#8211; Dordogne<\/option><option value=\"25\">25 &#8211; Doubs<\/option><option value=\"26\">26 &#8211; Dr\u00f4me<\/option><option value=\"27\">27 &#8211; Eure<\/option><option value=\"28\">28 &#8211; Eure-et-Loir<\/option><option value=\"29\">29 &#8211; Finist\u00e8re<\/option><option value=\"30\">30 &#8211; Gard<\/option><option value=\"31\">31 &#8211; Haute-Garonne<\/option><option value=\"32\">32 &#8211; Gers<\/option><option value=\"33\">33 &#8211; Gironde<\/option><option value=\"34\">34 &#8211; H\u00e9rault<\/option><option value=\"35\">35 &#8211; Ille-et-Vilaine<\/option><option value=\"36\">36 &#8211; Indre<\/option><option value=\"37\">37 &#8211; Indre-et-Loire<\/option><option value=\"38\">38 &#8211; Is\u00e8re<\/option><option value=\"39\">39 &#8211; Jura<\/option><option value=\"40\">40 &#8211; Landes<\/option><option value=\"41\">41 &#8211; Loir-et-Cher<\/option><option value=\"42\">42 &#8211; Loire<\/option><option value=\"43\">43 &#8211; Haute-Loire<\/option><option value=\"44\">44 &#8211; Loire-Atlantique<\/option><option value=\"45\">45 &#8211; Loiret<\/option><option value=\"46\">46 &#8211; Lot<\/option><option value=\"47\">47 &#8211; Lot-et-Garonne<\/option><option value=\"48\">48 &#8211; Loz\u00e8re<\/option><option value=\"49\">49 &#8211; Maine-et-Loire<\/option><option value=\"50\">50 &#8211; Manche<\/option><option value=\"51\">51 &#8211; Marne<\/option><option value=\"52\">52 &#8211; Haute-Marne<\/option><option value=\"53\">53 &#8211; Mayenne<\/option><option value=\"54\">54 &#8211; Meurthe-et-Moselle<\/option><option value=\"55\">55 &#8211; Meuse<\/option><option value=\"56\">56 &#8211; Morbihan<\/option><option value=\"57\">57 &#8211; Moselle<\/option><option value=\"58\">58 &#8211; Ni\u00e8vre<\/option><option value=\"59\">59 &#8211; Nord<\/option><option value=\"60\">60 &#8211; Oise<\/option><option value=\"61\">61 &#8211; Orne<\/option><option value=\"62\">62 &#8211; Pas-de-Calais<\/option><option value=\"63\">63 &#8211; Puy-de-D\u00f4me<\/option><option value=\"64\">64 &#8211; Pyr\u00e9n\u00e9es-Atlantiques<\/option><option value=\"65\">65 &#8211; Hautes-Pyr\u00e9n\u00e9es<\/option><option value=\"66\">66 &#8211; Pyr\u00e9n\u00e9es-Orientales<\/option><option value=\"67\">67 &#8211; Bas-Rhin<\/option><option value=\"68\">68 &#8211; Haut-Rhin<\/option><option value=\"69\">69 &#8211; Rh\u00f4ne<\/option><option value=\"70\">70 &#8211; Haute-Sa\u00f4ne<\/option><option value=\"71\">71 &#8211; Sa\u00f4ne-et-Loire<\/option><option value=\"72\">72 &#8211; Sarthe<\/option><option value=\"73\">73 &#8211; Savoie<\/option><option value=\"74\">74 &#8211; Haute-Savoie<\/option><option value=\"75\">75 &#8211; Paris<\/option><option value=\"76\">76 &#8211; Seine-Maritime<\/option><option value=\"77\">77 &#8211; Seine-et-Marne<\/option><option value=\"78\">78 &#8211; Yvelines<\/option><option value=\"79\">79 &#8211; Deux-S\u00e8vres<\/option><option value=\"80\">80 &#8211; Somme<\/option><option value=\"81\">81 &#8211; Tarn<\/option><option value=\"82\">82 &#8211; Tarn-et-Garonne<\/option><option value=\"83\">83 &#8211; Var<\/option><option value=\"84\">84 &#8211; Vaucluse<\/option><option value=\"85\">85 &#8211; Vend\u00e9e<\/option><option value=\"86\">86 &#8211; Vienne<\/option><option value=\"87\">87 &#8211; Haute-Vienne<\/option><option value=\"88\">88 &#8211; Vosges<\/option><option value=\"89\">89 &#8211; Yonne<\/option><option value=\"90\">90 &#8211; Territoire de Belfort<\/option><option value=\"91\">91 &#8211; Essonne<\/option><option value=\"92\">92 &#8211; Hauts-de-Seine<\/option><option value=\"93\">93 &#8211; Seine-Saint-Denis<\/option><option value=\"94\">94 &#8211; Val-de-Marne<\/option><option value=\"95\">95 &#8211; Val-d&rsquo;Oise<\/option><option value=\"96\">97 &#8211; Dom\/Tom<\/option><\/select><\/form>\n<p>[\/et_pb_text][et_pb_text admin_label=\u00a0\u00bbInfos\u00a0\u00bb global_module=\u00a0\u00bb246&Prime; background_layout=\u00a0\u00bblight\u00a0\u00bb text_orientation=\u00a0\u00bbleft\u00a0\u00bb use_border_color=\u00a0\u00bboff\u00a0\u00bb border_color=\u00a0\u00bb#ffffff\u00a0\u00bb border_style=\u00a0\u00bbsolid\u00a0\u00bb custom_padding=\u00a0\u00bb10px|10px|10px|10px\u00a0\u00bb background_color=\u00a0\u00bb#eeeeee\u00a0\u00bb custom_margin=\u00a0\u00bb0px|||\u00a0\u00bb saved_tabs=\u00a0\u00bball\u00a0\u00bb]<\/p>\n<p><span style=\"text-decoration: underline;\"><strong>Infos r\u00e9glementaires<\/strong><\/span><\/p>\n<ul>\n<li><a href=\"http:\/\/citpc.fr\/adeli\/capital-initial\/\">Capital initial<\/a><\/li>\n<li><a href=\"http:\/\/citpc.fr\/adeli\/bareme-des-infractions\/\">Bar\u00e8me des infractions<\/a><\/li>\n<li><a href=\"http:\/\/citpc.fr\/adeli\/les-differentes-lettres\/\">Les diff\u00e9rentes lettres<\/a><\/li>\n<li><a href=\"http:\/\/citpc.fr\/adeli\/permis-probatoire\/\">Permis probatoire<\/a><\/li>\n<li><a href=\"http:\/\/citpc.fr\/adeli\/recuperation-des-points\/\">R\u00e9cup\u00e9ration des points<\/a><\/li>\n<li><a href=\"http:\/\/citpc.fr\/adeli\/types-de-retrait-du-permis\/\">Types de retrait du permis<\/a><\/li>\n<li><a href=\"http:\/\/citpc.fr\/adeli\/tests-psychotechniques\/\">Tests psychotechniques<\/a><\/li>\n<li><a href=\"http:\/\/citpc.fr\/adeli\/visite-medicale\/\">Visite m\u00e9dicale<\/a><\/li>\n<li><a href=\"http:\/\/citpc.fr\/adeli\/conduite-sans-permis\/\">Conduite sans permis<\/a><\/li>\n<li><a href=\"http:\/\/citpc.fr\/adeli\/permis-a-points-et-chiffres\/\">Permis \u00e0 points et chiffres<\/a><\/li>\n<\/ul>\n<p>[\/et_pb_text][\/et_pb_column][\/et_pb_section]<\/p>\n","protected":false},"excerpt":{"rendered":"<p>[et_pb_section admin_label=\u00a0\u00bbSection\u00a0\u00bb fullwidth=\u00a0\u00bboff\u00a0\u00bb specialty=\u00a0\u00bbon\u00a0\u00bb transparent_background=\u00a0\u00bboff\u00a0\u00bb background_color=\u00a0\u00bb#ffffff\u00a0\u00bb allow_player_pause=\u00a0\u00bboff\u00a0\u00bb inner_shadow=\u00a0\u00bboff\u00a0\u00bb parallax=\u00a0\u00bboff\u00a0\u00bb parallax_method=\u00a0\u00bboff\u00a0\u00bb padding_mobile=\u00a0\u00bboff\u00a0\u00bb make_fullwidth=\u00a0\u00bboff\u00a0\u00bb use_custom_width=\u00a0\u00bboff\u00a0\u00bb width_unit=\u00a0\u00bbon\u00a0\u00bb make_equal=\u00a0\u00bboff\u00a0\u00bb use_custom_gutter=\u00a0\u00bboff\u00a0\u00bb parallax_1=\u00a0\u00bboff\u00a0\u00bb parallax_method_1=\u00a0\u00bboff\u00a0\u00bb parallax_2=\u00a0\u00bboff\u00a0\u00bb parallax_method_2=\u00a0\u00bboff\u00a0\u00bb custom_padding=\u00a0\u00bb20px|||\u00a0\u00bb][et_pb_column type=\u00a0\u00bb3_4&Prime; specialty_columns=\u00a0\u00bb3&Prime;][et_pb_row_inner admin_label=\u00a0\u00bbLigne\u00a0\u00bb][et_pb_column_inner type=\u00a0\u00bb4_4&Prime; saved_specialty_column_type=\u00a0\u00bb3_4&Prime;][et_pb_text admin_label=\u00a0\u00bbTexte\u00a0\u00bb background_layout=\u00a0\u00bblight\u00a0\u00bb text_orientation=\u00a0\u00bbleft\u00a0\u00bb use_border_color=\u00a0\u00bboff\u00a0\u00bb border_color=\u00a0\u00bb#ffffff\u00a0\u00bb border_style=\u00a0\u00bbsolid\u00a0\u00bb] Visite m\u00e9dicale Lors d&rsquo;une annulation, d&rsquo;une invalidation ou d&rsquo;une suspension du permis de conduire, vous devez passer une visite m\u00e9dicale et un examen [&hellip;]<\/p>\n","protected":false},"author":2,"featured_media":0,"parent":0,"menu_order":0,"comment_status":"closed","ping_status":"closed","template":"","meta":{"_et_pb_use_builder":"on","_et_pb_old_content":"","_et_gb_content_width":""},"_links":{"self":[{"href":"http:\/\/citpc.fr\/adeli\/wp-json\/wp\/v2\/pages\/210"}],"collection":[{"href":"http:\/\/citpc.fr\/adeli\/wp-json\/wp\/v2\/pages"}],"about":[{"href":"http:\/\/citpc.fr\/adeli\/wp-json\/wp\/v2\/types\/page"}],"author":[{"embeddable":true,"href":"http:\/\/citpc.fr\/adeli\/wp-json\/wp\/v2\/users\/2"}],"replies":[{"embeddable":true,"href":"http:\/\/citpc.fr\/adeli\/wp-json\/wp\/v2\/comments?post=210"}],"version-history":[{"count":10,"href":"http:\/\/citpc.fr\/adeli\/wp-json\/wp\/v2\/pages\/210\/revisions"}],"predecessor-version":[{"id":1069,"href":"http:\/\/citpc.fr\/adeli\/wp-json\/wp\/v2\/pages\/210\/revisions\/1069"}],"wp:attachment":[{"href":"http:\/\/citpc.fr\/adeli\/wp-json\/wp\/v2\/media?parent=210"}],"curies":[{"name":"wp","href":"https:\/\/api.w.org\/{rel}","templated":true}]}}